{"id":109,"date":"2022-10-19T07:48:20","date_gmt":"2022-10-19T07:48:20","guid":{"rendered":"http:\/\/www.akademia-miedzygatunkowa.pl\/?page_id=109"},"modified":"2022-11-02T12:23:45","modified_gmt":"2022-11-02T12:23:45","slug":"feniks","status":"publish","type":"page","link":"https:\/\/www.akademia-miedzygatunkowa.pl\/?page_id=109","title":{"rendered":"Feniks"},"content":{"rendered":"\n<p>Feniks to kocur rasy Maine Coon, urodzi\u0142 si\u0119 w listopadzie 2018 roku. Jest moim kocim idea\u0142em, lubi pieszczoty, ale si\u0119 nie narzuca, \u015bwietnie si\u0119 z nim pracuje, ma fajn\u0105 motywacj\u0119 na jedzenie, prawie w og\u00f3le nie mam z nim problem\u00f3w przy piel\u0119gnacji.<\/p>\n\n\n\n<p>Pom\u00f3g\u0142 mi uzyska\u0107 ocen\u0119 bardzo dobr\u0105 za \u0107wiczenie na zadanie domowe na studiach podyplomowych z kociej behawiorystyki, uczyli\u015bmy si\u0119 slalomu mi\u0119dzy nogami.<\/p>\n\n\n\n<p>Lubi zabawy w\u0119dk\u0105 z pi\u00f3rkami, wyszukiwanie smaczk\u00f3w z zabawek na inteligencj\u0119 i mat w\u0119chowych, a najbardziej uwielbia nauk\u0119 sztuczek.<\/p>\n\n\n\n<p><\/p>\n","protected":false},"excerpt":{"rendered":"<p>Feniks to kocur rasy Maine Coon, urodzi\u0142 si\u0119 w listopadzie 2018 roku. Jest moim kocim idea\u0142em, lubi pieszczoty, ale si\u0119 [&hellip;]<\/p>\n","protected":false},"author":1,"featured_media":316,"parent":75,"menu_order":4,"comment_status":"closed","ping_status":"closed","template":"","meta":{"_monsterinsights_skip_tracking":false,"_monsterinsights_sitenote_active":false,"_monsterinsights_sitenote_note":"","_monsterinsights_sitenote_category":0,"footnotes":""},"class_list":["post-109","page","type-page","status-publish","has-post-thumbnail","hentry"],"_links":{"self":[{"href":"https:\/\/www.akademia-miedzygatunkowa.pl\/index.php?rest_route=\/wp\/v2\/pages\/109","targetHints":{"allow":["GET"]}}],"collection":[{"href":"https:\/\/www.akademia-miedzygatunkowa.pl\/index.php?rest_route=\/wp\/v2\/pages"}],"about":[{"href":"https:\/\/www.akademia-miedzygatunkowa.pl\/index.php?rest_route=\/wp\/v2\/types\/page"}],"author":[{"embeddable":true,"href":"https:\/\/www.akademia-miedzygatunkowa.pl\/index.php?rest_route=\/wp\/v2\/users\/1"}],"replies":[{"embeddable":true,"href":"https:\/\/www.akademia-miedzygatunkowa.pl\/index.php?rest_route=%2Fwp%2Fv2%2Fcomments&post=109"}],"version-history":[{"count":2,"href":"https:\/\/www.akademia-miedzygatunkowa.pl\/index.php?rest_route=\/wp\/v2\/pages\/109\/revisions"}],"predecessor-version":[{"id":189,"href":"https:\/\/www.akademia-miedzygatunkowa.pl\/index.php?rest_route=\/wp\/v2\/pages\/109\/revisions\/189"}],"up":[{"embeddable":true,"href":"https:\/\/www.akademia-miedzygatunkowa.pl\/index.php?rest_route=\/wp\/v2\/pages\/75"}],"wp:featuredmedia":[{"embeddable":true,"href":"https:\/\/www.akademia-miedzygatunkowa.pl\/index.php?rest_route=\/wp\/v2\/media\/316"}],"wp:attachment":[{"href":"https:\/\/www.akademia-miedzygatunkowa.pl\/index.php?rest_route=%2Fwp%2Fv2%2Fmedia&parent=109"}],"curies":[{"name":"wp","href":"https:\/\/api.w.org\/{rel}","templated":true}]}}