{"id":110,"date":"2022-10-19T08:04:09","date_gmt":"2022-10-19T08:04:09","guid":{"rendered":"http:\/\/www.akademia-miedzygatunkowa.pl\/?page_id=110"},"modified":"2022-11-02T12:23:49","modified_gmt":"2022-11-02T12:23:49","slug":"uriel","status":"publish","type":"page","link":"https:\/\/www.akademia-miedzygatunkowa.pl\/?page_id=110","title":{"rendered":"Uriel"},"content":{"rendered":"\n<p>Uriel to pies rasy border collie, urodzi\u0142 si\u0119 w marcu 2020, jest tzw. \u201ecovidowym szczeniakiem\u201d, urodzi\u0142 si\u0119 podczas najwi\u0119kszego lock downu. Moim trzecim psem mia\u0142 by\u0107 border lub toller, poniewa\u017c wybuch\u0142a pandemia, du\u017co miot\u00f3w nie wypali\u0142o, dlatego wyb\u00f3r pad\u0142 na bordera.<\/p>\n\n\n\n<p>Mia\u0142 by\u0107 psem do agility, jednak jego \u015bcie\u017cka musia\u0142a ulec zmianie i robimy teraz g\u0142\u00f3wnie to co mog\u0119 robi\u0107 z nim w domu czyli sztuczki i Nose Work. Jest bardzo trudnym psem, ma problem z wszelkimi pojazdami, lud\u017ami, psami. Na ten moment najbardziej problematyczne s\u0105 wyj\u015bcia razem z suczkami, bo jak idzie sam, to zachowuje si\u0119 o wiele lepiej.<\/p>\n\n\n\n<p>Testowali\u015bmy ju\u017c wiele suplement\u00f3w, by u\u0142atwi\u0107 sobie z nim prac\u0119 nad jego problemami, niestety dawa\u0142y niewielkie rezultaty. Pr\u00f3bowali\u015bmy kastracji chemicznej, \u017ceby sprawdzi\u0107 czy zmniejszy ona agresj\u0119, niestety by\u0142o tylko gorzej. Jest dobrze przebadany, jest zdrowym psem, dostaje te\u017c dobre jedzenie.<\/p>\n\n\n\n<p>Obecnie staramy si\u0119 tak organizowa\u0107, aby mia\u0142 jak najwi\u0119kszy komfort \u017cycia. Na spacery je\u017adzimy autem pod las, wcze\u015bnie rano, \u017ceby spotyka\u0107 jak najmniej ps\u00f3w i ludzi. Mieszkamy te\u017c w do\u015b\u0107 spokojnej okolicy, gdy wychodzi na spacerek toaletowy, staramy si\u0119 tak dobiera\u0107 trasy, aby nie musia\u0142 si\u0119 mija\u0107 z innymi psami. Ci\u0105gle mam nadziej\u0119, \u017ce kiedy\u015b b\u0119dzie \u0142atwiej i by\u0107 mo\u017ce nawet agility si\u0119 nam uda.<\/p>\n","protected":false},"excerpt":{"rendered":"<p>Uriel to pies rasy border collie, urodzi\u0142 si\u0119 w marcu 2020, jest tzw. \u201ecovidowym szczeniakiem\u201d, urodzi\u0142 si\u0119 podczas najwi\u0119kszego lock [&hellip;]<\/p>\n","protected":false},"author":1,"featured_media":321,"parent":75,"menu_order":3,"comment_status":"closed","ping_status":"closed","template":"","meta":{"_monsterinsights_skip_tracking":false,"_monsterinsights_sitenote_active":false,"_monsterinsights_sitenote_note":"","_monsterinsights_sitenote_category":0,"footnotes":""},"class_list":["post-110","page","type-page","status-publish","has-post-thumbnail","hentry"],"_links":{"self":[{"href":"https:\/\/www.akademia-miedzygatunkowa.pl\/index.php?rest_route=\/wp\/v2\/pages\/110","targetHints":{"allow":["GET"]}}],"collection":[{"href":"https:\/\/www.akademia-miedzygatunkowa.pl\/index.php?rest_route=\/wp\/v2\/pages"}],"about":[{"href":"https:\/\/www.akademia-miedzygatunkowa.pl\/index.php?rest_route=\/wp\/v2\/types\/page"}],"author":[{"embeddable":true,"href":"https:\/\/www.akademia-miedzygatunkowa.pl\/index.php?rest_route=\/wp\/v2\/users\/1"}],"replies":[{"embeddable":true,"href":"https:\/\/www.akademia-miedzygatunkowa.pl\/index.php?rest_route=%2Fwp%2Fv2%2Fcomments&post=110"}],"version-history":[{"count":3,"href":"https:\/\/www.akademia-miedzygatunkowa.pl\/index.php?rest_route=\/wp\/v2\/pages\/110\/revisions"}],"predecessor-version":[{"id":322,"href":"https:\/\/www.akademia-miedzygatunkowa.pl\/index.php?rest_route=\/wp\/v2\/pages\/110\/revisions\/322"}],"up":[{"embeddable":true,"href":"https:\/\/www.akademia-miedzygatunkowa.pl\/index.php?rest_route=\/wp\/v2\/pages\/75"}],"wp:featuredmedia":[{"embeddable":true,"href":"https:\/\/www.akademia-miedzygatunkowa.pl\/index.php?rest_route=\/wp\/v2\/media\/321"}],"wp:attachment":[{"href":"https:\/\/www.akademia-miedzygatunkowa.pl\/index.php?rest_route=%2Fwp%2Fv2%2Fmedia&parent=110"}],"curies":[{"name":"wp","href":"https:\/\/api.w.org\/{rel}","templated":true}]}}