{"id":112,"date":"2022-09-19T09:47:44","date_gmt":"2022-09-19T09:47:44","guid":{"rendered":"http:\/\/www.akademia-miedzygatunkowa.pl\/?page_id=112"},"modified":"2022-11-02T12:23:48","modified_gmt":"2022-11-02T12:23:48","slug":"mavis","status":"publish","type":"page","link":"https:\/\/www.akademia-miedzygatunkowa.pl\/?page_id=112","title":{"rendered":"Mavis"},"content":{"rendered":"\n<p>Mavis to owczarek szkocki Collie, urodzi\u0142a si\u0119 w czerwcu 2017 roku. Jest moim pierwszym psem, to ona wprowadzi\u0142a mnie w psi \u015bwiat i pokaza\u0142a to, jak du\u017co mo\u017cna z psami robi\u0107.<\/p>\n\n\n\n<p>Mavis jest spokojn\u0105 towarzysk\u0105 suczk\u0105, mog\u0119 j\u0105 zabra\u0107 wsz\u0119dzie, dostosuje si\u0119 do ka\u017cdej sytuacji. Dlatego te\u017c najcz\u0119\u015bciej to ona je\u017adzi ze mn\u0105 na wszelkie zjazdy treningowe w du\u017cych grupach, poniewa\u017c dobrze si\u0119 czuje w du\u017cej grupie ludzi i ps\u00f3w. Wiele os\u00f3b uczy\u0142o si\u0119 ju\u017c na niej jak szkoli\u0107 psa. \u015awietnie pracuje si\u0119 z ni\u0105 za r\u00f3wno w pos\u0142usze\u0144stwie jak i w Nose Work.<\/p>\n\n\n\n<p>Uwielbia wykonywa\u0107 sztuczki, nosi\u0107 zabawki w pysku i d\u0142ugie spacery w lesie. Natomiast dom s\u0142u\u017cy jej do spania. W tym roku czeka j\u0105 kolejne wyzwanie, poniewa\u017c b\u0119dzie ze mn\u0105 uczestniczy\u0107 w kursie dogoterapii.<\/p>\n","protected":false},"excerpt":{"rendered":"<p>Mavis to owczarek szkocki Collie, urodzi\u0142a si\u0119 w czerwcu 2017 roku. Jest moim pierwszym psem, to ona wprowadzi\u0142a mnie w [&hellip;]<\/p>\n","protected":false},"author":1,"featured_media":323,"parent":75,"menu_order":1,"comment_status":"closed","ping_status":"closed","template":"","meta":{"_monsterinsights_skip_tracking":false,"_monsterinsights_sitenote_active":false,"_monsterinsights_sitenote_note":"","_monsterinsights_sitenote_category":0,"footnotes":""},"class_list":["post-112","page","type-page","status-publish","has-post-thumbnail","hentry"],"_links":{"self":[{"href":"https:\/\/www.akademia-miedzygatunkowa.pl\/index.php?rest_route=\/wp\/v2\/pages\/112","targetHints":{"allow":["GET"]}}],"collection":[{"href":"https:\/\/www.akademia-miedzygatunkowa.pl\/index.php?rest_route=\/wp\/v2\/pages"}],"about":[{"href":"https:\/\/www.akademia-miedzygatunkowa.pl\/index.php?rest_route=\/wp\/v2\/types\/page"}],"author":[{"embeddable":true,"href":"https:\/\/www.akademia-miedzygatunkowa.pl\/index.php?rest_route=\/wp\/v2\/users\/1"}],"replies":[{"embeddable":true,"href":"https:\/\/www.akademia-miedzygatunkowa.pl\/index.php?rest_route=%2Fwp%2Fv2%2Fcomments&post=112"}],"version-history":[{"count":4,"href":"https:\/\/www.akademia-miedzygatunkowa.pl\/index.php?rest_route=\/wp\/v2\/pages\/112\/revisions"}],"predecessor-version":[{"id":346,"href":"https:\/\/www.akademia-miedzygatunkowa.pl\/index.php?rest_route=\/wp\/v2\/pages\/112\/revisions\/346"}],"up":[{"embeddable":true,"href":"https:\/\/www.akademia-miedzygatunkowa.pl\/index.php?rest_route=\/wp\/v2\/pages\/75"}],"wp:featuredmedia":[{"embeddable":true,"href":"https:\/\/www.akademia-miedzygatunkowa.pl\/index.php?rest_route=\/wp\/v2\/media\/323"}],"wp:attachment":[{"href":"https:\/\/www.akademia-miedzygatunkowa.pl\/index.php?rest_route=%2Fwp%2Fv2%2Fmedia&parent=112"}],"curies":[{"name":"wp","href":"https:\/\/api.w.org\/{rel}","templated":true}]}}