{"id":114,"date":"2022-09-19T09:47:57","date_gmt":"2022-09-19T09:47:57","guid":{"rendered":"http:\/\/www.akademia-miedzygatunkowa.pl\/?page_id=114"},"modified":"2022-11-02T12:23:47","modified_gmt":"2022-11-02T12:23:47","slug":"kiara","status":"publish","type":"page","link":"https:\/\/www.akademia-miedzygatunkowa.pl\/?page_id=114","title":{"rendered":"Kiara"},"content":{"rendered":"\n<p>Kiara to owczarek australijski, urodzi\u0142a si\u0119 w listopadzie 2017 roku. Jest psem, dzi\u0119ki kt\u00f3remu zacz\u0119\u0142am interesowa\u0107 si\u0119 behawioryzmem ps\u00f3w, poniewa\u017c w wieku dojrzewania zrobi\u0142a si\u0119 bardzo wymagaj\u0105ca (nie chc\u0119 m\u00f3wi\u0107 problemowa, bo nie lubi\u0119 tego okre\u015blenia, wol\u0119 m\u00f3wi\u0107 o wyzwaniach ni\u017c o problemach). Ma wspania\u0142y w\u0119ch, bardzo dobrze pracuje mi si\u0119 z ni\u0105 w Nose Work, to w\u0142a\u015bnie dla niej sko\u0144czy\u0142am kurs instruktora Nose Work. Wiadomo dobrego w\u0119chu s\u0105 te\u017c minusy, chocia\u017cby taki, \u017ce z takim psem \u0107wiczenie przywo\u0142ania\/odwo\u0142ania jest bardzo trudne. Ostatecznie pogodzi\u0142am si\u0119 z tym, \u017ce nie wsz\u0119dzie mog\u0119 j\u0105 spu\u015bci\u0107 ze smyczy, zamiast tego jest na lince.<\/p>\n\n\n\n<p>Z Kiar\u0105 uczestniczy\u0142am w wielu kursach i zawodach oraz imprezach pro-psich. Jest te\u017c psem, przy kt\u00f3rym wiele si\u0119 nauczy\u0142am o szkoleniu i komunikacji, a tak\u017ce udzielaniu wsparcia. Ona te\u017c od siebie du\u017co daje, nie tylko jest nauczycielk\u0105, ale te\u017c potrafi wspiera\u0107.<\/p>\n\n\n\n<p>Uwielbia rutyn\u0119, przypomina o wa\u017cnych dla niej wydarzeniach w ci\u0105gu dnia, np. \u015bwietnie wie, o kt\u00f3rej jest pora karmienia (je\u015b\u0107 te\u017c uwielbia).<\/p>\n\n\n\n<figure class=\"wp-block-image size-large\" style=\"border-radius:10px\"><img decoding=\"async\" width=\"1024\" height=\"576\" data-src=\"http:\/\/www.akademia-miedzygatunkowa.pl\/wp-content\/uploads\/2022\/11\/DSC0152-1024x576.jpg\" alt=\"\" class=\"wp-image-318 lazyload\" data-srcset=\"https:\/\/www.akademia-miedzygatunkowa.pl\/wp-content\/uploads\/2022\/11\/DSC0152-1024x576.jpg 1024w, https:\/\/www.akademia-miedzygatunkowa.pl\/wp-content\/uploads\/2022\/11\/DSC0152-300x169.jpg 300w, https:\/\/www.akademia-miedzygatunkowa.pl\/wp-content\/uploads\/2022\/11\/DSC0152-768x432.jpg 768w, https:\/\/www.akademia-miedzygatunkowa.pl\/wp-content\/uploads\/2022\/11\/DSC0152-1536x864.jpg 1536w, https:\/\/www.akademia-miedzygatunkowa.pl\/wp-content\/uploads\/2022\/11\/DSC0152-1360x765.jpg 1360w, https:\/\/www.akademia-miedzygatunkowa.pl\/wp-content\/uploads\/2022\/11\/DSC0152.jpg 2000w\" data-sizes=\"(max-width: 1024px) 100vw, 1024px\" src=\"data:image\/svg+xml;base64,PHN2ZyB3aWR0aD0iMSIgaGVpZ2h0PSIxIiB4bWxucz0iaHR0cDovL3d3dy53My5vcmcvMjAwMC9zdmciPjwvc3ZnPg==\" style=\"--smush-placeholder-width: 1024px; --smush-placeholder-aspect-ratio: 1024\/576;\" \/><\/figure>\n","protected":false},"excerpt":{"rendered":"<p>Kiara to owczarek australijski, urodzi\u0142a si\u0119 w listopadzie 2017 roku. Jest psem, dzi\u0119ki kt\u00f3remu zacz\u0119\u0142am interesowa\u0107 si\u0119 behawioryzmem ps\u00f3w, poniewa\u017c [&hellip;]<\/p>\n","protected":false},"author":1,"featured_media":317,"parent":75,"menu_order":2,"comment_status":"closed","ping_status":"closed","template":"","meta":{"_monsterinsights_skip_tracking":false,"_monsterinsights_sitenote_active":false,"_monsterinsights_sitenote_note":"","_monsterinsights_sitenote_category":0,"footnotes":""},"class_list":["post-114","page","type-page","status-publish","has-post-thumbnail","hentry"],"_links":{"self":[{"href":"https:\/\/www.akademia-miedzygatunkowa.pl\/index.php?rest_route=\/wp\/v2\/pages\/114","targetHints":{"allow":["GET"]}}],"collection":[{"href":"https:\/\/www.akademia-miedzygatunkowa.pl\/index.php?rest_route=\/wp\/v2\/pages"}],"about":[{"href":"https:\/\/www.akademia-miedzygatunkowa.pl\/index.php?rest_route=\/wp\/v2\/types\/page"}],"author":[{"embeddable":true,"href":"https:\/\/www.akademia-miedzygatunkowa.pl\/index.php?rest_route=\/wp\/v2\/users\/1"}],"replies":[{"embeddable":true,"href":"https:\/\/www.akademia-miedzygatunkowa.pl\/index.php?rest_route=%2Fwp%2Fv2%2Fcomments&post=114"}],"version-history":[{"count":4,"href":"https:\/\/www.akademia-miedzygatunkowa.pl\/index.php?rest_route=\/wp\/v2\/pages\/114\/revisions"}],"predecessor-version":[{"id":345,"href":"https:\/\/www.akademia-miedzygatunkowa.pl\/index.php?rest_route=\/wp\/v2\/pages\/114\/revisions\/345"}],"up":[{"embeddable":true,"href":"https:\/\/www.akademia-miedzygatunkowa.pl\/index.php?rest_route=\/wp\/v2\/pages\/75"}],"wp:featuredmedia":[{"embeddable":true,"href":"https:\/\/www.akademia-miedzygatunkowa.pl\/index.php?rest_route=\/wp\/v2\/media\/317"}],"wp:attachment":[{"href":"https:\/\/www.akademia-miedzygatunkowa.pl\/index.php?rest_route=%2Fwp%2Fv2%2Fmedia&parent=114"}],"curies":[{"name":"wp","href":"https:\/\/api.w.org\/{rel}","templated":true}]}}