{"id":117,"date":"2022-09-19T09:56:49","date_gmt":"2022-09-19T09:56:49","guid":{"rendered":"http:\/\/www.akademia-miedzygatunkowa.pl\/?page_id=117"},"modified":"2026-01-05T19:03:14","modified_gmt":"2026-01-05T19:03:14","slug":"konsultacja-behawioralna","status":"publish","type":"page","link":"https:\/\/www.akademia-miedzygatunkowa.pl\/?page_id=117","title":{"rendered":"Konsultacja behawioralna"},"content":{"rendered":"\n<p>Konsultacja behawioralna to spotkanie u opiekuna w domu, gdzie mieszka pies. Na spotkaniu przeprowadzam szczeg\u00f3\u0142owy wywiad na temat problem\u00f3w z zachowaniem psiego pacjenta.<\/p>\n\n\n\n<p>Ponadto analizuj\u0119 czy wszystkie psie potrzeby s\u0105 zaspakajane oraz czy \u015brodowisko, w kt\u00f3rym \u017cyje zapewnia mu odpowiedni\u0105 ilo\u015b\u0107 stymulacji i zasob\u00f3w. Bior\u0119 tak\u017ce pod uwag\u0119 relacje psa z domownikami oraz wcze\u015bniejsze do\u015bwiadczenia w \u017cyciu psa. Spotkanie potrwa oko\u0142o dwie godziny.<\/p>\n\n\n\n<p>Zanim jednak um\u00f3wimy si\u0119 na konsultacj\u0119, zrobi\u0119 kr\u00f3tki wywiad mailowy, poniewa\u017c w niekt\u00f3rych przypadkach konieczna b\u0119dzie najpierw wizyta u weterynarza i wykonanie bada\u0144. Zachowanie ma \u015bcis\u0142y zwi\u0105zek ze stanem zdrowia, je\u015bli co\u015b zacz\u0119\u0142o dzia\u0107 si\u0119 nagle, to jest to niemal pewne, \u017ce przyczyn\u0105 problemu jest b\u00f3l lub choroba. Je\u015bli wszystko b\u0119dzie wskazywa\u0142o na problem behawioralny, to wy\u015bl\u0119 odpowied\u017a z propozycj\u0105 terminu.<\/p>\n\n\n\n<p>Po przeanalizowaniu wszystkich danych uzyskanych od opiekuna, sporz\u0105dzam raport w formie planu terapeutycznego z uwzgl\u0119dnieniem kolejno\u015bci wykonywanych zalece\u0144. Nast\u0119pnie umawiamy si\u0119 na wizyt\u0119 kontroln\u0105 za oko\u0142o miesi\u0105c. W trakcie terapii udzielam wsparcia, mo\u017cna zadawa\u0107 dodatkowe pytania, najlepiej pisa\u0107 mailowo, poniewa\u017c zawsze mo\u017cna wr\u00f3ci\u0107 do wiadomo\u015bci i przeczyta\u0107 j\u0105 ponownie.<\/p>\n\n\n\n<p>Przyk\u0142adowe problemy, kt\u00f3re mo\u017cna om\u00f3wi\u0107 na konsultacji behawioralnej:<\/p>\n\n\n\n<ol class=\"wp-block-list\">\n<li>problemy z socjalizacj\u0105 psa lub psa i kota<\/li>\n\n\n\n<li>za\u0142atwianie potrzeb fizjologicznych w domu<\/li>\n\n\n\n<li>pomoc w socjalizacji\/habituacji szczeniaka<\/li>\n\n\n\n<li>zaobserwowana zmiana zachowania oraz wszystkie nowe niepokoj\u0105ce zachowania<\/li>\n\n\n\n<li>problem z adaptacj\u0105 w nowym domu<\/li>\n\n\n\n<li>niszczenie mebli i nadaktywno\u015b\u0107&nbsp;<\/li>\n\n\n\n<li>problemy w relacji z opiekunem i pozosta\u0142ymi domownikami<\/li>\n\n\n\n<li>zachowania agresywne i \u0142owieckie w stosunku do ludzi\/innych ps\u00f3w\/innych zwierz\u0105t<\/li>\n\n\n\n<li>fobie i l\u0119kliwo\u015b\u0107<\/li>\n\n\n\n<li>pomoc w dostosowaniu przestrzeni do potrzeb psa<\/li>\n\n\n\n<li>spotkanie edukacyjne przed nabyciem\/adopcj\u0105 psa<\/li>\n\n\n\n<li>mo\u017cemy r\u00f3wnie\u017c om\u00f3wi\u0107 kwestie \u017cywieniowe, dobra dieta to podstawa \ud83d\ude42<\/li>\n<\/ol>\n\n\n\n<p>Pami\u0119taj, je\u015bli cokolwiek Ci\u0119 niepokoi w zachowaniu Twojego psa, zadzwo\u0144\/napisz.<\/p>\n\n\n\n<p>Cena konsultacji jednego psa &#8211; 170 z\u0142<\/p>\n\n\n\n<p>Ka\u017cdy kolejny pies w domu +30 z\u0142<\/p>\n\n\n\n<p>Konsultacja kontrolna 70 z\u0142<\/p>\n\n\n\n<p><strong>Konsultacja behawioralno-\u017cywieniowa<\/strong><br>To po\u0142\u0105czenie konsultacji behawioralnej, na kt\u00f3rej rozwi\u0105zujemy pojawiaj\u0105ce si\u0119 problemy z wychowaniem psa oraz konsultacji \u017cywieniowej, podczas kt\u00f3rej przyjrzymy si\u0119 temu czy pies dostaje zbilansowane jedzenie, czy dawka jest odpowiednia i dobierzemy odpowiednie \u017cywienie komercyjne lub domowe (czyli uk\u0142adam przepisy dla psa). Czas trwania do 3h, do tygodnia czasu dostaj\u0105 Pa\u0144stwo zalecania terapeutyczne i dietetyczne. Cena: 270 z\u0142 za jednego psa, dla wi\u0119kszej ilo\u015bci ps\u00f3w, cena ustalana indywidualnie.<\/p>\n\n\n\n<p><strong>Dojazd<\/strong><\/p>\n\n\n\n<p>Na terenie Jaworzna dojazd jest w cenie. Poza rejonem Jaworzna stawka to 0,50 z\u0142 za ka\u017cdy kilometr. Konsultacje przeprowadzam maksymalnie do 30 km od Jaworzna. Jest mo\u017cliwo\u015b\u0107 um\u00f3wienia si\u0119 na konsultacj\u0119 on-line. Na konsultacj\u0119 umawia si\u0119 mailowo z kr\u00f3tkim opisem problemu oraz podaniem numeru telefonu kontaktowego. Ja oddzwaniam i wybieramy termin. Dzie\u0144 przed spotkaniem wysy\u0142am SMS z przypomnieniem o um\u00f3wionym spotkaniu.<\/p>\n\n\n\n<p><\/p>\n","protected":false},"excerpt":{"rendered":"<p>Konsultacja behawioralna to spotkanie u opiekuna w domu, gdzie mieszka pies. Na spotkaniu przeprowadzam szczeg\u00f3\u0142owy wywiad na temat problem\u00f3w z [&hellip;]<\/p>\n","protected":false},"author":1,"featured_media":0,"parent":89,"menu_order":0,"comment_status":"closed","ping_status":"closed","template":"","meta":{"_monsterinsights_skip_tracking":false,"_monsterinsights_sitenote_active":false,"_monsterinsights_sitenote_note":"","_monsterinsights_sitenote_category":0,"footnotes":""},"class_list":["post-117","page","type-page","status-publish","hentry"],"_links":{"self":[{"href":"https:\/\/www.akademia-miedzygatunkowa.pl\/index.php?rest_route=\/wp\/v2\/pages\/117","targetHints":{"allow":["GET"]}}],"collection":[{"href":"https:\/\/www.akademia-miedzygatunkowa.pl\/index.php?rest_route=\/wp\/v2\/pages"}],"about":[{"href":"https:\/\/www.akademia-miedzygatunkowa.pl\/index.php?rest_route=\/wp\/v2\/types\/page"}],"author":[{"embeddable":true,"href":"https:\/\/www.akademia-miedzygatunkowa.pl\/index.php?rest_route=\/wp\/v2\/users\/1"}],"replies":[{"embeddable":true,"href":"https:\/\/www.akademia-miedzygatunkowa.pl\/index.php?rest_route=%2Fwp%2Fv2%2Fcomments&post=117"}],"version-history":[{"count":7,"href":"https:\/\/www.akademia-miedzygatunkowa.pl\/index.php?rest_route=\/wp\/v2\/pages\/117\/revisions"}],"predecessor-version":[{"id":789,"href":"https:\/\/www.akademia-miedzygatunkowa.pl\/index.php?rest_route=\/wp\/v2\/pages\/117\/revisions\/789"}],"up":[{"embeddable":true,"href":"https:\/\/www.akademia-miedzygatunkowa.pl\/index.php?rest_route=\/wp\/v2\/pages\/89"}],"wp:attachment":[{"href":"https:\/\/www.akademia-miedzygatunkowa.pl\/index.php?rest_route=%2Fwp%2Fv2%2Fmedia&parent=117"}],"curies":[{"name":"wp","href":"https:\/\/api.w.org\/{rel}","templated":true}]}}