{"id":119,"date":"2022-09-19T09:51:50","date_gmt":"2022-09-19T09:51:50","guid":{"rendered":"http:\/\/www.akademia-miedzygatunkowa.pl\/?page_id=119"},"modified":"2023-05-18T12:49:57","modified_gmt":"2023-05-18T12:49:57","slug":"szkolenie-indywidualne","status":"publish","type":"page","link":"https:\/\/www.akademia-miedzygatunkowa.pl\/?page_id=119","title":{"rendered":"Szkolenie indywidualne"},"content":{"rendered":"\n<p>Szkolenie indywidualne to spotkanie lub pakiet spotka\u0144, podczas kt\u00f3rego opiekun uczy si\u0119 jak pomaga\u0107 psu w \u015brodowisku, nauczy si\u0119, co pies komunikuje swojemu opiekunowi, nauczy si\u0119 rozpoznawa\u0107 sygna\u0142y stresu u psa, pozna jak powinny wygl\u0105da\u0107 poprawne psie interakcje, nauczy si\u0119 jak trenowa\u0107 ze swoim psem, b\u0119d\u0105 te\u017c wprowadzane podstawowe komendy. Program zaj\u0119\u0107 jest do wsp\u00f3lnego ustalenia, jednak pierwszorz\u0119dn\u0105 spraw\u0105 jest to jak pies sobie radzi i co jest&nbsp;mo\u017cliwe do prze\u0107wiczenia, a na co trzeba b\u0119dzie poczeka\u0107. Program ustalany jest pod indywidualne mo\u017cliwo\u015bci psa i opiekuna. Podstaw\u0105 jest indywidualny charakter zaj\u0119\u0107, kt\u00f3ry uwzgl\u0119dnia emocje psa.<\/p>\n\n\n\n<p>Nad czym mo\u017cna pracowa\u0107 podczas szkolenia indywidualnego:<\/p>\n\n\n\n<ol class=\"wp-block-list\">\n<li>budowanie psiej motywacji do pracy z cz\u0142owiekiem<\/li>\n\n\n\n<li>budowanie pozytywnej relacji z psem<\/li>\n\n\n\n<li>w\u0142a\u015bciwa zabawa z psem<\/li>\n\n\n\n<li>nauka skupienia psa na przewodniku, sygna\u0142 neutralny<\/li>\n\n\n\n<li>trening lu\u017anej smyczy (nauka rezygnacji, pod\u0105\u017canie za przewodnikiem, chodzenie przy nodze)<\/li>\n\n\n\n<li>nauka przywo\u0142ania<\/li>\n\n\n\n<li>nauka podstawowych komend (siad, le\u017ce\u0107, st\u00f3j, r\u00f3wnaj, nie podejmowanie pokarmu, target, zostawanie w komendzie)<\/li>\n\n\n\n<li>nauka wspierania psa w trudnych sytuacjach<\/li>\n\n\n\n<li>spokojne mijanie ps\u00f3w, ludzi, biegaczy, rowerzyst\u00f3w, samochod\u00f3w<\/li>\n\n\n\n<li>nauka spokojnych i warto\u015bciowych interakcji z psami<\/li>\n\n\n\n<li>trening klatkowy<\/li>\n\n\n\n<li>akceptacja zabieg\u00f3w piel\u0119gnacyjnych\u00a0<\/li>\n\n\n\n<li>nauka\/poprawa aportu<\/li>\n\n\n\n<li>sztuczki<\/li>\n<\/ol>\n\n\n\n<p>Za efekty szkolenia odpowiada opiekun, to on \u0107wiczy ze swoim psem pomi\u0119dzy spotkaniami. Sam trening podczas szkolenia to za ma\u0142o, aby utrwali\u0107 efekty uczenia i wymaga\u0107 od psa umiej\u0119tno\u015bci, kt\u00f3rych jeszcze nie mia\u0142 czasu sobie dobrze prze\u0107wiczy\u0107.<\/p>\n\n\n\n<p>Opiekun po ka\u017cdym spotkaniu dostanie notatk\u0119 z zaj\u0119\u0107 oraz zadanie domowe. Zaj\u0119cia trwaj\u0105 60 minut. Spotkania mog\u0105 si\u0119 odbywa\u0107 raz\/2 razy w tygodniu lub co dwa tygodnie. Zaj\u0119cia mog\u0105 by\u0107 w domu u opiekuna lub w parku.<\/p>\n\n\n\n<p>Cena szkolenia: 1 spotkanie 150 z\u0142<\/p>\n\n\n\n<p>&nbsp; 3 spotkania 400 z\u0142<\/p>\n\n\n\n<p>&nbsp; 5 spotka\u0144 650 z\u0142<\/p>\n\n\n\n<p>&nbsp; 10 spotka\u0144 1350 z\u0142<\/p>\n\n\n\n<p>Na zaj\u0119cia umawiamy si\u0119 mailowo, prosz\u0119 o wiadomo\u015b\u0107 zwieraj\u0105c\u0105 opis problem\u00f3w na spacerach lub czego chcecie si\u0119 nauczy\u0107, rasa i wiek psa oraz numer kontaktowy. Ja oddzwaniam, omawiamy szczeg\u00f3\u0142y i rezerwuj\u0119 termin. Dzie\u0144 przed spotkaniem wysy\u0142am SMS z przypomnieniem o um\u00f3wionym spotkaniu.<\/p>\n\n\n\n<p>Obszar dzia\u0142alno\u015bci: ca\u0142e Jaworzno + 20 km od Jaworzna.<\/p>\n","protected":false},"excerpt":{"rendered":"<p>Szkolenie indywidualne to spotkanie lub pakiet spotka\u0144, podczas kt\u00f3rego opiekun uczy si\u0119 jak pomaga\u0107 psu w \u015brodowisku, nauczy si\u0119, co [&hellip;]<\/p>\n","protected":false},"author":1,"featured_media":0,"parent":89,"menu_order":0,"comment_status":"closed","ping_status":"closed","template":"","meta":{"_monsterinsights_skip_tracking":false,"_monsterinsights_sitenote_active":false,"_monsterinsights_sitenote_note":"","_monsterinsights_sitenote_category":0,"footnotes":""},"class_list":["post-119","page","type-page","status-publish","hentry"],"_links":{"self":[{"href":"https:\/\/www.akademia-miedzygatunkowa.pl\/index.php?rest_route=\/wp\/v2\/pages\/119","targetHints":{"allow":["GET"]}}],"collection":[{"href":"https:\/\/www.akademia-miedzygatunkowa.pl\/index.php?rest_route=\/wp\/v2\/pages"}],"about":[{"href":"https:\/\/www.akademia-miedzygatunkowa.pl\/index.php?rest_route=\/wp\/v2\/types\/page"}],"author":[{"embeddable":true,"href":"https:\/\/www.akademia-miedzygatunkowa.pl\/index.php?rest_route=\/wp\/v2\/users\/1"}],"replies":[{"embeddable":true,"href":"https:\/\/www.akademia-miedzygatunkowa.pl\/index.php?rest_route=%2Fwp%2Fv2%2Fcomments&post=119"}],"version-history":[{"count":5,"href":"https:\/\/www.akademia-miedzygatunkowa.pl\/index.php?rest_route=\/wp\/v2\/pages\/119\/revisions"}],"predecessor-version":[{"id":557,"href":"https:\/\/www.akademia-miedzygatunkowa.pl\/index.php?rest_route=\/wp\/v2\/pages\/119\/revisions\/557"}],"up":[{"embeddable":true,"href":"https:\/\/www.akademia-miedzygatunkowa.pl\/index.php?rest_route=\/wp\/v2\/pages\/89"}],"wp:attachment":[{"href":"https:\/\/www.akademia-miedzygatunkowa.pl\/index.php?rest_route=%2Fwp%2Fv2%2Fmedia&parent=119"}],"curies":[{"name":"wp","href":"https:\/\/api.w.org\/{rel}","templated":true}]}}