{"id":120,"date":"2022-09-19T09:51:59","date_gmt":"2022-09-19T09:51:59","guid":{"rendered":"http:\/\/www.akademia-miedzygatunkowa.pl\/?page_id=120"},"modified":"2023-09-08T15:09:01","modified_gmt":"2023-09-08T15:09:01","slug":"nose-work","status":"publish","type":"page","link":"https:\/\/www.akademia-miedzygatunkowa.pl\/?page_id=120","title":{"rendered":"Nose work"},"content":{"rendered":"\n<figure class=\"wp-block-image size-large\"><img decoding=\"async\" width=\"768\" height=\"1024\" data-src=\"http:\/\/www.akademia-miedzygatunkowa.pl\/wp-content\/uploads\/2023\/07\/IMG_3143-768x1024.jpeg\" alt=\"\" class=\"wp-image-614 lazyload\" data-srcset=\"https:\/\/www.akademia-miedzygatunkowa.pl\/wp-content\/uploads\/2023\/07\/IMG_3143-768x1024.jpeg 768w, https:\/\/www.akademia-miedzygatunkowa.pl\/wp-content\/uploads\/2023\/07\/IMG_3143-225x300.jpeg 225w, https:\/\/www.akademia-miedzygatunkowa.pl\/wp-content\/uploads\/2023\/07\/IMG_3143-1152x1536.jpeg 1152w, https:\/\/www.akademia-miedzygatunkowa.pl\/wp-content\/uploads\/2023\/07\/IMG_3143-1536x2048.jpeg 1536w, https:\/\/www.akademia-miedzygatunkowa.pl\/wp-content\/uploads\/2023\/07\/IMG_3143-574x765.jpeg 574w, https:\/\/www.akademia-miedzygatunkowa.pl\/wp-content\/uploads\/2023\/07\/IMG_3143-scaled.jpeg 1920w\" data-sizes=\"(max-width: 768px) 100vw, 768px\" src=\"data:image\/svg+xml;base64,PHN2ZyB3aWR0aD0iMSIgaGVpZ2h0PSIxIiB4bWxucz0iaHR0cDovL3d3dy53My5vcmcvMjAwMC9zdmciPjwvc3ZnPg==\" style=\"--smush-placeholder-width: 768px; --smush-placeholder-aspect-ratio: 768\/1024;\" \/><\/figure>\n\n\n\n<p>W\u0119ch to najwa\u017cniejszy zmys\u0142 psa, dzi\u0119ki niemu poznaje on \u015bwiat. W Nose Work wykorzystuje si\u0119 ten niesamowity psi dar rozpoznawania zapach\u00f3w. Dyscyplina wywodzi si\u0119 od detekcji u\u017cytkowej, jednak zosta\u0142a tak uproszczona, aby by\u0142a dost\u0119pna dla ka\u017cdego. Nose Work do sport inny ni\u017c wszystkie, nie ma w nim pos\u0142usze\u0144stwa, poniewa\u017c pies powinien i\u015b\u0107 za zapachem, a nie s\u0142ucha\u0107 i wykonywa\u0107 polecenia przewodnika. Trenowa\u0107 mo\u017cna w ka\u017cdym miejscu, w domu, na spacerze, na wakacjach. Trenowanie daje wiele korzy\u015bci:<\/p>\n\n\n\n<p>1. Pog\u0142\u0119bia relacj\u0119 z psem<\/p>\n\n\n\n<p>2. Uczy rozpoznawania psiej mowy cia\u0142a<\/p>\n\n\n\n<p>3. Stymuluje umys\u0142<\/p>\n\n\n\n<p>4. Wycisza<\/p>\n\n\n\n<p>5. Uczy rozwi\u0105zywania problem\u00f3w<\/p>\n\n\n\n<p>6. Buduje samodzielno\u015b\u0107 u psa<\/p>\n\n\n\n<p>7. 20 minut w\u0119szenia m\u0119czy jak 2-godzinny spacer<\/p>\n\n\n\n<p>8. Uczy si\u0119 ignorowa\u0107 rozproszenia na rzecz odnalezienia zapachu<\/p>\n\n\n\n<p>9. Rozwija psi\u0105 kreatywno\u015b\u0107<\/p>\n\n\n\n<p>10. Jest \u015bwietnym elementem pracy terapeutycznej z psami z problemami l\u0119kowymi, nadmiern\u0105 agresj\u0105 oraz z psami reaktywnymi<\/p>\n\n\n\n<p>W Nose Work najwa\u017cniejsza jest praca zespo\u0142owa, cz\u0142owiek wskazuje, gdzie pies ma przeszukiwa\u0107, pilnuje systematyczno\u015bci przeszukiwania oraz czy wszystkie obszary zosta\u0142y przeszukane, a pies u\u017cywaj\u0105c swojego nosa ma za zadanie znale\u017a\u0107 \u017ar\u00f3d\u0142o zapachu i je wskaza\u0107 przewodnikowi.<\/p>\n\n\n\n<p>Podczas kursu pies nauczy si\u0119:<\/p>\n\n\n\n<p>1. Systematycznego przeszukiwania<\/p>\n\n\n\n<p>2. Szuka\u0107 jednego zapachu (reszta do wyuczenia samodzielnie lub na lekcjach dodatkowych)<\/p>\n\n\n\n<p>3. Przeszukiwa\u0107 przedmioty, wn\u0119trza, zewn\u0119trza, pojazdy, pojemniki z wod\u0105 i ziemi\u0105<\/p>\n\n\n\n<p>4. Szuka\u0107 zapach\u00f3w niskich i wysokich<\/p>\n\n\n\n<p>5. Rutyny startowej<\/p>\n\n\n\n<p>Do wyboru opcja z przygotowaniem do zawod\u00f3w, wtedy trening odbywa si\u0119 na olejkach zapachowych: cynamon, pomara\u0144cza i go\u017adzik. W przysz\u0142o\u015bci jest mo\u017cliwo\u015b\u0107 podej\u015bcia u mnie do test\u00f3w zapachowych, kt\u00f3re po zaliczeniu uprawniaj\u0105 do udzia\u0142u w zawodach. Lub opcja nauki na hydrolatach, wtedy wprowadzamy zapachy: eukaliptus, li\u015b\u0107 laurowy, lawenda.<\/p>\n\n\n\n<p>Ca\u0142o\u015b\u0107 roz\u0142o\u017cona jest na 10 lekcji po 30 minut. Koszt: 70 z\u0142 za lekcj\u0119, lekcje dodatkowe r\u00f3wnie\u017c w cenie 70 z\u0142.<\/p>\n","protected":false},"excerpt":{"rendered":"<p>W\u0119ch to najwa\u017cniejszy zmys\u0142 psa, dzi\u0119ki niemu poznaje on \u015bwiat. W Nose Work wykorzystuje si\u0119 ten niesamowity psi dar rozpoznawania [&hellip;]<\/p>\n","protected":false},"author":1,"featured_media":0,"parent":89,"menu_order":0,"comment_status":"closed","ping_status":"closed","template":"","meta":{"_monsterinsights_skip_tracking":false,"_monsterinsights_sitenote_active":false,"_monsterinsights_sitenote_note":"","_monsterinsights_sitenote_category":0,"footnotes":""},"class_list":["post-120","page","type-page","status-publish","hentry"],"_links":{"self":[{"href":"https:\/\/www.akademia-miedzygatunkowa.pl\/index.php?rest_route=\/wp\/v2\/pages\/120","targetHints":{"allow":["GET"]}}],"collection":[{"href":"https:\/\/www.akademia-miedzygatunkowa.pl\/index.php?rest_route=\/wp\/v2\/pages"}],"about":[{"href":"https:\/\/www.akademia-miedzygatunkowa.pl\/index.php?rest_route=\/wp\/v2\/types\/page"}],"author":[{"embeddable":true,"href":"https:\/\/www.akademia-miedzygatunkowa.pl\/index.php?rest_route=\/wp\/v2\/users\/1"}],"replies":[{"embeddable":true,"href":"https:\/\/www.akademia-miedzygatunkowa.pl\/index.php?rest_route=%2Fwp%2Fv2%2Fcomments&post=120"}],"version-history":[{"count":8,"href":"https:\/\/www.akademia-miedzygatunkowa.pl\/index.php?rest_route=\/wp\/v2\/pages\/120\/revisions"}],"predecessor-version":[{"id":664,"href":"https:\/\/www.akademia-miedzygatunkowa.pl\/index.php?rest_route=\/wp\/v2\/pages\/120\/revisions\/664"}],"up":[{"embeddable":true,"href":"https:\/\/www.akademia-miedzygatunkowa.pl\/index.php?rest_route=\/wp\/v2\/pages\/89"}],"wp:attachment":[{"href":"https:\/\/www.akademia-miedzygatunkowa.pl\/index.php?rest_route=%2Fwp%2Fv2%2Fmedia&parent=120"}],"curies":[{"name":"wp","href":"https:\/\/api.w.org\/{rel}","templated":true}]}}