{"id":123,"date":"2022-09-19T09:52:31","date_gmt":"2022-09-19T09:52:31","guid":{"rendered":"http:\/\/www.akademia-miedzygatunkowa.pl\/?page_id=123"},"modified":"2026-01-05T20:42:54","modified_gmt":"2026-01-05T20:42:54","slug":"konsultacja-dietetyczna","status":"publish","type":"page","link":"https:\/\/www.akademia-miedzygatunkowa.pl\/?page_id=123","title":{"rendered":"Konsultacja dietetyczna"},"content":{"rendered":"\n<p>Zapraszam na konsultacje dietetyczne dla kot\u00f3w, podczas kt\u00f3rej szczeg\u00f3\u0142owo om\u00f3wimy potrzeby \u017cywieniowe kota i dobierzemy odpowiedni\u0105 diet\u0119 uwzgl\u0119dniaj\u0105ca potrzeby kota jak i potrzeby opiekun\u00f3w. Uk\u0142adam diety bazuj\u0105c zar\u00f3wno na karmach komercyjnych jak i daj\u0119 przepisy na domow\u0105 diet\u0119. Uwzgl\u0119dniam szczeg\u00f3lne potrzeby \u017cywieniowe w r\u00f3\u017cnych stadiach \u017cycia i r\u00f3\u017cnych chorobach. Ch\u0119tnym wysy\u0142am ankiet\u0119 do wype\u0142nienia, po kt\u00f3rej umawiamy si\u0119 na 30 minutowe spotkanie online, je\u015bli trzeba zlecam dodatkowe badania i na podstawie zebranych danych dobieram diet\u0119 bazuj\u0105c\u0105 na kilku przepisach lub kilku karmach. Koszt to 150 z\u0142, w cen\u0119 wliczony jest tak\u017ce kontakt po i wsparcie podczas wprowadzania diety tak\u017ce wprowadzanie zmian w istniej\u0105c\u0105 ditet\u0119. Ka\u017cdorazowe komponowanie ca\u0142kowicie nowej diety wymaga kolejnej konsultacji.<\/p>\n","protected":false},"excerpt":{"rendered":"<p>Zapraszam na konsultacje dietetyczne dla kot\u00f3w, podczas kt\u00f3rej szczeg\u00f3\u0142owo om\u00f3wimy potrzeby \u017cywieniowe kota i dobierzemy odpowiedni\u0105 diet\u0119 uwzgl\u0119dniaj\u0105ca potrzeby kota [&hellip;]<\/p>\n","protected":false},"author":1,"featured_media":0,"parent":91,"menu_order":0,"comment_status":"closed","ping_status":"closed","template":"","meta":{"_monsterinsights_skip_tracking":false,"_monsterinsights_sitenote_active":false,"_monsterinsights_sitenote_note":"","_monsterinsights_sitenote_category":0,"footnotes":""},"class_list":["post-123","page","type-page","status-publish","hentry"],"_links":{"self":[{"href":"https:\/\/www.akademia-miedzygatunkowa.pl\/index.php?rest_route=\/wp\/v2\/pages\/123","targetHints":{"allow":["GET"]}}],"collection":[{"href":"https:\/\/www.akademia-miedzygatunkowa.pl\/index.php?rest_route=\/wp\/v2\/pages"}],"about":[{"href":"https:\/\/www.akademia-miedzygatunkowa.pl\/index.php?rest_route=\/wp\/v2\/types\/page"}],"author":[{"embeddable":true,"href":"https:\/\/www.akademia-miedzygatunkowa.pl\/index.php?rest_route=\/wp\/v2\/users\/1"}],"replies":[{"embeddable":true,"href":"https:\/\/www.akademia-miedzygatunkowa.pl\/index.php?rest_route=%2Fwp%2Fv2%2Fcomments&post=123"}],"version-history":[{"count":4,"href":"https:\/\/www.akademia-miedzygatunkowa.pl\/index.php?rest_route=\/wp\/v2\/pages\/123\/revisions"}],"predecessor-version":[{"id":802,"href":"https:\/\/www.akademia-miedzygatunkowa.pl\/index.php?rest_route=\/wp\/v2\/pages\/123\/revisions\/802"}],"up":[{"embeddable":true,"href":"https:\/\/www.akademia-miedzygatunkowa.pl\/index.php?rest_route=\/wp\/v2\/pages\/91"}],"wp:attachment":[{"href":"https:\/\/www.akademia-miedzygatunkowa.pl\/index.php?rest_route=%2Fwp%2Fv2%2Fmedia&parent=123"}],"curies":[{"name":"wp","href":"https:\/\/api.w.org\/{rel}","templated":true}]}}