{"id":522,"date":"2023-05-10T08:53:22","date_gmt":"2023-05-10T08:53:22","guid":{"rendered":"http:\/\/www.akademia-miedzygatunkowa.pl\/?page_id=522"},"modified":"2023-05-10T08:53:22","modified_gmt":"2023-05-10T08:53:22","slug":"moja-misja-i-wizja","status":"publish","type":"page","link":"https:\/\/www.akademia-miedzygatunkowa.pl\/?page_id=522","title":{"rendered":"Moja misja i wizja"},"content":{"rendered":"\n<h2 class=\"wp-block-heading has-medium-font-size\">Misja Akademii Relacji Mi\u0119dzygatunkowych<\/h2>\n\n\n\n<ol class=\"wp-block-list\">\n<li>Poprawa dobrostanu zwierz\u0105t poprzez edukacj\u0119 opiekun\u00f3w.<\/li>\n\n\n\n<li>Zara\u017canie pozytywnym podej\u015bciem do szkolenia i zabawa treningiem.<\/li>\n\n\n\n<li>Pomoc w budowaniu relacji zwierzo-ludzkich poprzez nauk\u0119 odkrywania indywidualnych charakter\u00f3w zwierz\u0105t klient\u00f3w, nauk\u0119 zabawy oraz motywowanie i wsparcie opiekun\u00f3w w osi\u0105ganiu cel\u00f3w.<\/li>\n\n\n\n<li>Wspieranie procesu terapii dzieci i doros\u0142ych poprzez uczestnictwo w niej zwierz\u0105t.<\/li>\n<\/ol>\n\n\n\n<h2 class=\"wp-block-heading has-medium-font-size\">Wizja Akademii Relacji Mi\u0119dzygatunkowych<\/h2>\n\n\n\n<p>Moj\u0105 wizj\u0105 jest ci\u0105g\u0142e doskonalenie si\u0119, swoich metod pracy, szukanie nowych rozwi\u0105za\u0144, aby stale podwy\u017csza\u0107 jako\u015b\u0107 oferowanych us\u0142ug.<\/p>\n\n\n\n<p><\/p>\n","protected":false},"excerpt":{"rendered":"<p>Misja Akademii Relacji Mi\u0119dzygatunkowych Wizja Akademii Relacji Mi\u0119dzygatunkowych Moj\u0105 wizj\u0105 jest ci\u0105g\u0142e doskonalenie si\u0119, swoich metod pracy, szukanie nowych rozwi\u0105za\u0144, [&hellip;]<\/p>\n","protected":false},"author":2,"featured_media":0,"parent":0,"menu_order":0,"comment_status":"closed","ping_status":"closed","template":"","meta":{"_monsterinsights_skip_tracking":false,"_monsterinsights_sitenote_active":false,"_monsterinsights_sitenote_note":"","_monsterinsights_sitenote_category":0,"footnotes":""},"class_list":["post-522","page","type-page","status-publish","hentry"],"_links":{"self":[{"href":"https:\/\/www.akademia-miedzygatunkowa.pl\/index.php?rest_route=\/wp\/v2\/pages\/522","targetHints":{"allow":["GET"]}}],"collection":[{"href":"https:\/\/www.akademia-miedzygatunkowa.pl\/index.php?rest_route=\/wp\/v2\/pages"}],"about":[{"href":"https:\/\/www.akademia-miedzygatunkowa.pl\/index.php?rest_route=\/wp\/v2\/types\/page"}],"author":[{"embeddable":true,"href":"https:\/\/www.akademia-miedzygatunkowa.pl\/index.php?rest_route=\/wp\/v2\/users\/2"}],"replies":[{"embeddable":true,"href":"https:\/\/www.akademia-miedzygatunkowa.pl\/index.php?rest_route=%2Fwp%2Fv2%2Fcomments&post=522"}],"version-history":[{"count":3,"href":"https:\/\/www.akademia-miedzygatunkowa.pl\/index.php?rest_route=\/wp\/v2\/pages\/522\/revisions"}],"predecessor-version":[{"id":526,"href":"https:\/\/www.akademia-miedzygatunkowa.pl\/index.php?rest_route=\/wp\/v2\/pages\/522\/revisions\/526"}],"wp:attachment":[{"href":"https:\/\/www.akademia-miedzygatunkowa.pl\/index.php?rest_route=%2Fwp%2Fv2%2Fmedia&parent=522"}],"curies":[{"name":"wp","href":"https:\/\/api.w.org\/{rel}","templated":true}]}}