{"id":530,"date":"2023-05-10T09:00:04","date_gmt":"2023-05-10T09:00:04","guid":{"rendered":"http:\/\/www.akademia-miedzygatunkowa.pl\/?page_id=530"},"modified":"2023-07-17T13:22:18","modified_gmt":"2023-07-17T13:22:18","slug":"dogsitter","status":"publish","type":"page","link":"https:\/\/www.akademia-miedzygatunkowa.pl\/?page_id=530","title":{"rendered":"Dogsitter"},"content":{"rendered":"\n<p>Dogsitter to p\u0142atna pomoc przy obowi\u0105zkach zwi\u0105zanych z posiadaniem psa. Twoim psem b\u0119dzie si\u0119 zajmowa\u0107 dyplomowany behawiorysta i trener ps\u00f3w. Podejmuj\u0119 si\u0119 zar\u00f3wno jednorazowych zlece\u0144 jak i mo\u017cemy um\u00f3wi\u0107 si\u0119 na sta\u0142\u0105 wsp\u00f3\u0142prac\u0119. W czym mo\u017ce Ci pom\u00f3c Dogsitter:<\/p>\n\n\n\n<ol class=\"wp-block-list\">\n<li>wyprowadzi\u0107 psa na d\u0142ugi spacer<\/li>\n\n\n\n<li>wyprowadzi\u0107 psa na spacer toaletowy<\/li>\n\n\n\n<li>pom\u00f3c w pracy z psem z l\u0119kiem separacyjnym<\/li>\n\n\n\n<li>socjalizowa\u0107 psa, chodz\u0105c na spacery edukacyjne<\/li>\n\n\n\n<li>nauczy\u0107 komend, sztuczek, przywo\u0142ania<\/li>\n\n\n\n<li>nakarmi\u0107 psa, wymieni\u0107 wod\u0119 w misce<\/li>\n\n\n\n<li>poda\u0107 lekarstwa pupilowi<\/li>\n<\/ol>\n\n\n\n<p>Psem zajmowa\u0107 si\u0119 b\u0119d\u0119 w twoim domu, nie bior\u0119 zwierz\u0105t do siebie, poniewa\u017c mam sporo swoich zwierz\u0105t i wszyscy mogliby si\u0119 nie dogada\u0107 \ud83d\ude42<\/p>\n\n\n\n<p>Cennik<\/p>\n\n\n\n<p>D\u0142ugi spacer (1h) &#8211; 70 z\u0142<\/p>\n\n\n\n<p>Kr\u00f3tki fizjologiczny spacer (10-15 min) &#8211; 20 z\u0142<\/p>\n\n\n\n<p>Opieka nad psem w domu opiekuna &#8211; 70 z\u0142 za ka\u017cd\u0105 rozpocz\u0119t\u0105 godzin\u0119<\/p>\n\n\n\n<p>Wizyta zapoznawcza &#8211; 50 z\u0142<\/p>\n\n\n\n<p>Obszar dzia\u0142alno\u015bci: ca\u0142e Jaworzno<\/p>\n\n\n\n<p>Spos\u00f3b kontaktu: mailowo wraz z podaniem podstawowych informacji:<\/p>\n\n\n\n<p>Termin, rasa i wiek psa, wybrany zakres us\u0142ug, numer kontaktowy. Ja oddzwaniam i omawiamy szczeg\u00f3\u0142y. Dzie\u0144 przed spotkaniem wysy\u0142am SMS z przypomnieniem o um\u00f3wionym spotkaniu. Zanim podejmiemy wsp\u00f3\u0142prac\u0119 b\u0119dzie konieczna wizyta zapoznawcza.<\/p>\n","protected":false},"excerpt":{"rendered":"<p>Dogsitter to p\u0142atna pomoc przy obowi\u0105zkach zwi\u0105zanych z posiadaniem psa. Twoim psem b\u0119dzie si\u0119 zajmowa\u0107 dyplomowany behawiorysta i trener ps\u00f3w. [&hellip;]<\/p>\n","protected":false},"author":2,"featured_media":0,"parent":89,"menu_order":0,"comment_status":"closed","ping_status":"closed","template":"","meta":{"_monsterinsights_skip_tracking":false,"_monsterinsights_sitenote_active":false,"_monsterinsights_sitenote_note":"","_monsterinsights_sitenote_category":0,"footnotes":""},"class_list":["post-530","page","type-page","status-publish","hentry"],"_links":{"self":[{"href":"https:\/\/www.akademia-miedzygatunkowa.pl\/index.php?rest_route=\/wp\/v2\/pages\/530","targetHints":{"allow":["GET"]}}],"collection":[{"href":"https:\/\/www.akademia-miedzygatunkowa.pl\/index.php?rest_route=\/wp\/v2\/pages"}],"about":[{"href":"https:\/\/www.akademia-miedzygatunkowa.pl\/index.php?rest_route=\/wp\/v2\/types\/page"}],"author":[{"embeddable":true,"href":"https:\/\/www.akademia-miedzygatunkowa.pl\/index.php?rest_route=\/wp\/v2\/users\/2"}],"replies":[{"embeddable":true,"href":"https:\/\/www.akademia-miedzygatunkowa.pl\/index.php?rest_route=%2Fwp%2Fv2%2Fcomments&post=530"}],"version-history":[{"count":4,"href":"https:\/\/www.akademia-miedzygatunkowa.pl\/index.php?rest_route=\/wp\/v2\/pages\/530\/revisions"}],"predecessor-version":[{"id":605,"href":"https:\/\/www.akademia-miedzygatunkowa.pl\/index.php?rest_route=\/wp\/v2\/pages\/530\/revisions\/605"}],"up":[{"embeddable":true,"href":"https:\/\/www.akademia-miedzygatunkowa.pl\/index.php?rest_route=\/wp\/v2\/pages\/89"}],"wp:attachment":[{"href":"https:\/\/www.akademia-miedzygatunkowa.pl\/index.php?rest_route=%2Fwp%2Fv2%2Fmedia&parent=530"}],"curies":[{"name":"wp","href":"https:\/\/api.w.org\/{rel}","templated":true}]}}