{"id":532,"date":"2023-05-10T09:04:37","date_gmt":"2023-05-10T09:04:37","guid":{"rendered":"http:\/\/www.akademia-miedzygatunkowa.pl\/?page_id=532"},"modified":"2023-05-10T09:47:01","modified_gmt":"2023-05-10T09:47:01","slug":"catsitter","status":"publish","type":"page","link":"https:\/\/www.akademia-miedzygatunkowa.pl\/?page_id=532","title":{"rendered":"Catsitter"},"content":{"rendered":"\n<p>Catsitter to p\u0142atna pomoc przy obowi\u0105zkach zwi\u0105zanych z posiadaniem kota. Twoim kotem b\u0119dzie si\u0119 zajmowa\u0107 dyplomowany koci behawiorysta. Podejmuj\u0119 si\u0119 zar\u00f3wno jednorazowych zlece\u0144 jak i mo\u017cemy um\u00f3wi\u0107 si\u0119 na sta\u0142\u0105 wsp\u00f3\u0142prac\u0119. W czym mo\u017ce Ci pom\u00f3c Catsitter:<\/p>\n\n\n\n<ol class=\"wp-block-list\">\n<li>pobawi\u0107 si\u0119 z kotem<\/li>\n\n\n\n<li>posprz\u0105ta\u0107 kuwet\u0119<\/li>\n\n\n\n<li>nakarmi\u0107 kota, wymieni\u0107 wod\u0119 w misce<\/li>\n\n\n\n<li>poda\u0107 lekarstwa pupilowi<\/li>\n<\/ol>\n\n\n\n<p>Psem zajmowa\u0107 si\u0119 b\u0119d\u0119 w twoim domu, nie bior\u0119 zwierz\u0105t do siebie, poniewa\u017c mam sporo swoich zwierz\u0105t i wszyscy mogliby si\u0119 nie dogada\u0107 \ud83d\ude42<\/p>\n\n\n\n<p>Cennik<\/p>\n\n\n\n<p>Opieka nad kotem w domu opiekuna &#8211; 70 z\u0142 za ka\u017cd\u0105 rozpocz\u0119t\u0105 godzin\u0119<\/p>\n\n\n\n<p>Wizyta zapoznawcza  &#8211; 50 z\u0142<\/p>\n\n\n\n<p>Obszar dzia\u0142alno\u015bci: ca\u0142e Jaworzno<\/p>\n\n\n\n<p>Spos\u00f3b kontaktu: mailowo wraz z podaniem podstawowych informacji:<\/p>\n\n\n\n<p>Termin, rasa i wiek kota, wybrany zakres us\u0142ug, numer kontaktowy. Ja oddzwaniam i omawiamy szczeg\u00f3\u0142y. Dzie\u0144 przed spotkaniem wysy\u0142am SMS z przypomnieniem o um\u00f3wionym spotkaniu. Zanim podejmiemy wsp\u00f3\u0142prac\u0119, b\u0119dzie konieczna wizyta zapoznawcza. <\/p>\n","protected":false},"excerpt":{"rendered":"<p>Catsitter to p\u0142atna pomoc przy obowi\u0105zkach zwi\u0105zanych z posiadaniem kota. Twoim kotem b\u0119dzie si\u0119 zajmowa\u0107 dyplomowany koci behawiorysta. Podejmuj\u0119 si\u0119 [&hellip;]<\/p>\n","protected":false},"author":2,"featured_media":0,"parent":91,"menu_order":0,"comment_status":"closed","ping_status":"closed","template":"","meta":{"_monsterinsights_skip_tracking":false,"_monsterinsights_sitenote_active":false,"_monsterinsights_sitenote_note":"","_monsterinsights_sitenote_category":0,"footnotes":""},"class_list":["post-532","page","type-page","status-publish","hentry"],"_links":{"self":[{"href":"https:\/\/www.akademia-miedzygatunkowa.pl\/index.php?rest_route=\/wp\/v2\/pages\/532","targetHints":{"allow":["GET"]}}],"collection":[{"href":"https:\/\/www.akademia-miedzygatunkowa.pl\/index.php?rest_route=\/wp\/v2\/pages"}],"about":[{"href":"https:\/\/www.akademia-miedzygatunkowa.pl\/index.php?rest_route=\/wp\/v2\/types\/page"}],"author":[{"embeddable":true,"href":"https:\/\/www.akademia-miedzygatunkowa.pl\/index.php?rest_route=\/wp\/v2\/users\/2"}],"replies":[{"embeddable":true,"href":"https:\/\/www.akademia-miedzygatunkowa.pl\/index.php?rest_route=%2Fwp%2Fv2%2Fcomments&post=532"}],"version-history":[{"count":2,"href":"https:\/\/www.akademia-miedzygatunkowa.pl\/index.php?rest_route=\/wp\/v2\/pages\/532\/revisions"}],"predecessor-version":[{"id":540,"href":"https:\/\/www.akademia-miedzygatunkowa.pl\/index.php?rest_route=\/wp\/v2\/pages\/532\/revisions\/540"}],"up":[{"embeddable":true,"href":"https:\/\/www.akademia-miedzygatunkowa.pl\/index.php?rest_route=\/wp\/v2\/pages\/91"}],"wp:attachment":[{"href":"https:\/\/www.akademia-miedzygatunkowa.pl\/index.php?rest_route=%2Fwp%2Fv2%2Fmedia&parent=532"}],"curies":[{"name":"wp","href":"https:\/\/api.w.org\/{rel}","templated":true}]}}