{"id":612,"date":"2023-07-29T16:52:52","date_gmt":"2023-07-29T16:52:52","guid":{"rendered":"http:\/\/www.akademia-miedzygatunkowa.pl\/?page_id=612"},"modified":"2026-01-06T14:20:35","modified_gmt":"2026-01-06T14:20:35","slug":"rally-o","status":"publish","type":"page","link":"https:\/\/www.akademia-miedzygatunkowa.pl\/?page_id=612","title":{"rendered":"Rally-O"},"content":{"rendered":"\n<figure class=\"wp-block-image size-large\"><img decoding=\"async\" width=\"1024\" height=\"1024\" data-src=\"http:\/\/www.akademia-miedzygatunkowa.pl\/wp-content\/uploads\/2022\/11\/20200703_103505-1024x1024.jpg\" alt=\"\" class=\"wp-image-349 lazyload\" data-srcset=\"https:\/\/www.akademia-miedzygatunkowa.pl\/wp-content\/uploads\/2022\/11\/20200703_103505-1024x1024.jpg 1024w, https:\/\/www.akademia-miedzygatunkowa.pl\/wp-content\/uploads\/2022\/11\/20200703_103505-300x300.jpg 300w, https:\/\/www.akademia-miedzygatunkowa.pl\/wp-content\/uploads\/2022\/11\/20200703_103505-150x150.jpg 150w, https:\/\/www.akademia-miedzygatunkowa.pl\/wp-content\/uploads\/2022\/11\/20200703_103505-768x768.jpg 768w, https:\/\/www.akademia-miedzygatunkowa.pl\/wp-content\/uploads\/2022\/11\/20200703_103505-1536x1536.jpg 1536w, https:\/\/www.akademia-miedzygatunkowa.pl\/wp-content\/uploads\/2022\/11\/20200703_103505-765x765.jpg 765w, https:\/\/www.akademia-miedzygatunkowa.pl\/wp-content\/uploads\/2022\/11\/20200703_103505.jpg 2000w\" data-sizes=\"(max-width: 1024px) 100vw, 1024px\" src=\"data:image\/svg+xml;base64,PHN2ZyB3aWR0aD0iMSIgaGVpZ2h0PSIxIiB4bWxucz0iaHR0cDovL3d3dy53My5vcmcvMjAwMC9zdmciPjwvc3ZnPg==\" style=\"--smush-placeholder-width: 1024px; --smush-placeholder-aspect-ratio: 1024\/1024;\" \/><\/figure>\n\n\n\n<p>Rally-O to po\u0142\u0105czenie obidience i agility, ale w uproszczonej formie, doskona\u0142y sport dla os\u00f3b, kt\u00f3re ju\u017c opanowa\u0142y ze swoim psem podstawy pos\u0142usze\u0144stwa i chcia\u0142yby porobi\u0107 co\u015b wi\u0119cej. Zapraszam wszystkich rz\u0105dnych rozwijania swoich umiej\u0119tno\u015bci i umiej\u0119tno\u015bci psa. Szkol\u0119 zespo\u0142y psie-ludzkie zar\u00f3wno do hobbystycznego treningu jak i pod starty w zawodach, cena za godzin\u0119 to 120z\u0142 (plus ewentualny dojazd).<\/p>\n\n\n\n<p><\/p>\n","protected":false},"excerpt":{"rendered":"<p>Rally-O to po\u0142\u0105czenie obidience i agility, ale w uproszczonej formie, doskona\u0142y sport dla os\u00f3b, kt\u00f3re ju\u017c opanowa\u0142y ze swoim psem [&hellip;]<\/p>\n","protected":false},"author":1,"featured_media":0,"parent":89,"menu_order":0,"comment_status":"closed","ping_status":"closed","template":"","meta":{"_monsterinsights_skip_tracking":false,"_monsterinsights_sitenote_active":false,"_monsterinsights_sitenote_note":"","_monsterinsights_sitenote_category":0,"footnotes":""},"class_list":["post-612","page","type-page","status-publish","hentry"],"_links":{"self":[{"href":"https:\/\/www.akademia-miedzygatunkowa.pl\/index.php?rest_route=\/wp\/v2\/pages\/612","targetHints":{"allow":["GET"]}}],"collection":[{"href":"https:\/\/www.akademia-miedzygatunkowa.pl\/index.php?rest_route=\/wp\/v2\/pages"}],"about":[{"href":"https:\/\/www.akademia-miedzygatunkowa.pl\/index.php?rest_route=\/wp\/v2\/types\/page"}],"author":[{"embeddable":true,"href":"https:\/\/www.akademia-miedzygatunkowa.pl\/index.php?rest_route=\/wp\/v2\/users\/1"}],"replies":[{"embeddable":true,"href":"https:\/\/www.akademia-miedzygatunkowa.pl\/index.php?rest_route=%2Fwp%2Fv2%2Fcomments&post=612"}],"version-history":[{"count":3,"href":"https:\/\/www.akademia-miedzygatunkowa.pl\/index.php?rest_route=\/wp\/v2\/pages\/612\/revisions"}],"predecessor-version":[{"id":805,"href":"https:\/\/www.akademia-miedzygatunkowa.pl\/index.php?rest_route=\/wp\/v2\/pages\/612\/revisions\/805"}],"up":[{"embeddable":true,"href":"https:\/\/www.akademia-miedzygatunkowa.pl\/index.php?rest_route=\/wp\/v2\/pages\/89"}],"wp:attachment":[{"href":"https:\/\/www.akademia-miedzygatunkowa.pl\/index.php?rest_route=%2Fwp%2Fv2%2Fmedia&parent=612"}],"curies":[{"name":"wp","href":"https:\/\/api.w.org\/{rel}","templated":true}]}}