{"id":694,"date":"2023-11-01T18:20:56","date_gmt":"2023-11-01T18:20:56","guid":{"rendered":"https:\/\/www.akademia-miedzygatunkowa.pl\/?page_id=694"},"modified":"2023-11-19T16:28:05","modified_gmt":"2023-11-19T16:28:05","slug":"vesna","status":"publish","type":"page","link":"https:\/\/www.akademia-miedzygatunkowa.pl\/?page_id=694","title":{"rendered":"Vesna"},"content":{"rendered":"\n<p>Vesna to m\u0142oda koteczka rasy Maine Coon o pi\u0119knej szylkretowej szacie. Pojawi\u0142a si\u0119 w naszym domu do\u015b\u0107 niedawno, bo ko\u0144cem wrze\u015bnia. Kotka jest z tej samej hodowli co Feniks. Wybra\u0142am t\u0105 sam\u0105 hodowl\u0119, poniewa\u017c mam do niej du\u017ce zaufanie, otrzyma\u0142am \u015bwietnego kota o cudownym charakterze i po raz drugi si\u0119 nie zawiod\u0142am. Pomimo, \u017ce Vesna jest zupe\u0142nym przeciwie\u0144stwem do Feniksa je\u015bli chodzi o charakter, to od razu skrad\u0142a serca wszystkich domownik\u00f3w.<\/p>\n\n\n\n<p>Pocz\u0105tkowo mia\u0142a do nas trafi\u0107 zupe\u0142nie inna kotka, z kt\u00f3r\u0105 bardzo zaprzyja\u017ani\u0142a si\u0119 moja c\u00f3rka, mi r\u00f3wnie\u017c bardzo przypad\u0142 jej charakter, jednak okaza\u0142a si\u0119 chora, z niewiadomych jeszcze przyczyn zahamowa\u0142 si\u0119 jej wzrost wagi, a jako mniejsze koci\u0119 mia\u0142a problemy trawienne. Ale wydaje mi si\u0119, \u017ce ostatecznie dobrze wysz\u0142o, bo Vesna wydaje si\u0119 mie\u0107 predyspozycje do bycia kotem terapeutycznym. I w\u0142a\u015bnie, je\u015bli wszystko dobrze p\u00f3jdzie, to b\u0119d\u0119 podchodzi\u0107 z ni\u0105 do certyfikacji, najpierw musz\u0119 przyzwyczai\u0107 j\u0105 do transportera, jazdy autem, nowych miejsc i ludzi oraz musi mie\u0107 minimum rok.<\/p>\n\n\n\n<p>Vesna pocz\u0105tkowo obawia\u0142a si\u0119 ps\u00f3w, teraz je uwielbia i zaczepia do zabawy, za to kociemu bratu lubi podkrada\u0107 jedzenie z miski. Mi\u0119dzy kotami jest do\u015b\u0107 fajna relacja, nie ma bezgranicznej mi\u0142o\u015bci, ale ich relacja powoli coraz bardziej si\u0119 ociepla.<\/p>\n","protected":false},"excerpt":{"rendered":"<p>Vesna to m\u0142oda koteczka rasy Maine Coon o pi\u0119knej szylkretowej szacie. Pojawi\u0142a si\u0119 w naszym domu do\u015b\u0107 niedawno, bo ko\u0144cem [&hellip;]<\/p>\n","protected":false},"author":2,"featured_media":695,"parent":75,"menu_order":6,"comment_status":"closed","ping_status":"closed","template":"","meta":{"_monsterinsights_skip_tracking":false,"_monsterinsights_sitenote_active":false,"_monsterinsights_sitenote_note":"","_monsterinsights_sitenote_category":0,"footnotes":""},"class_list":["post-694","page","type-page","status-publish","has-post-thumbnail","hentry"],"_links":{"self":[{"href":"https:\/\/www.akademia-miedzygatunkowa.pl\/index.php?rest_route=\/wp\/v2\/pages\/694","targetHints":{"allow":["GET"]}}],"collection":[{"href":"https:\/\/www.akademia-miedzygatunkowa.pl\/index.php?rest_route=\/wp\/v2\/pages"}],"about":[{"href":"https:\/\/www.akademia-miedzygatunkowa.pl\/index.php?rest_route=\/wp\/v2\/types\/page"}],"author":[{"embeddable":true,"href":"https:\/\/www.akademia-miedzygatunkowa.pl\/index.php?rest_route=\/wp\/v2\/users\/2"}],"replies":[{"embeddable":true,"href":"https:\/\/www.akademia-miedzygatunkowa.pl\/index.php?rest_route=%2Fwp%2Fv2%2Fcomments&post=694"}],"version-history":[{"count":2,"href":"https:\/\/www.akademia-miedzygatunkowa.pl\/index.php?rest_route=\/wp\/v2\/pages\/694\/revisions"}],"predecessor-version":[{"id":714,"href":"https:\/\/www.akademia-miedzygatunkowa.pl\/index.php?rest_route=\/wp\/v2\/pages\/694\/revisions\/714"}],"up":[{"embeddable":true,"href":"https:\/\/www.akademia-miedzygatunkowa.pl\/index.php?rest_route=\/wp\/v2\/pages\/75"}],"wp:featuredmedia":[{"embeddable":true,"href":"https:\/\/www.akademia-miedzygatunkowa.pl\/index.php?rest_route=\/wp\/v2\/media\/695"}],"wp:attachment":[{"href":"https:\/\/www.akademia-miedzygatunkowa.pl\/index.php?rest_route=%2Fwp%2Fv2%2Fmedia&parent=694"}],"curies":[{"name":"wp","href":"https:\/\/api.w.org\/{rel}","templated":true}]}}