{"id":73,"date":"2022-09-19T09:22:42","date_gmt":"2022-09-19T09:22:42","guid":{"rendered":"http:\/\/www.akademia-miedzygatunkowa.pl\/?page_id=73"},"modified":"2023-06-05T09:26:44","modified_gmt":"2023-06-05T09:26:44","slug":"autor","status":"publish","type":"page","link":"https:\/\/www.akademia-miedzygatunkowa.pl\/?page_id=73","title":{"rendered":"Autor"},"content":{"rendered":"\n<div class=\"wp-block-columns is-layout-flex wp-container-core-columns-is-layout-28f84493 wp-block-columns-is-layout-flex\">\n<div class=\"wp-block-column is-layout-flow wp-block-column-is-layout-flow\">\n<figure class=\"wp-block-image size-large has-custom-border\"><img decoding=\"async\" width=\"768\" height=\"1024\" data-src=\"http:\/\/www.akademia-miedzygatunkowa.pl\/wp-content\/uploads\/2022\/11\/20220726_090309-768x1024.jpg\" alt=\"\" class=\"wp-image-328 lazyload\" style=\"--smush-placeholder-width: 768px; --smush-placeholder-aspect-ratio: 768\/1024;border-radius:10px\" data-srcset=\"https:\/\/www.akademia-miedzygatunkowa.pl\/wp-content\/uploads\/2022\/11\/20220726_090309-768x1024.jpg 768w, https:\/\/www.akademia-miedzygatunkowa.pl\/wp-content\/uploads\/2022\/11\/20220726_090309-225x300.jpg 225w, https:\/\/www.akademia-miedzygatunkowa.pl\/wp-content\/uploads\/2022\/11\/20220726_090309-1152x1536.jpg 1152w, https:\/\/www.akademia-miedzygatunkowa.pl\/wp-content\/uploads\/2022\/11\/20220726_090309-1536x2048.jpg 1536w, https:\/\/www.akademia-miedzygatunkowa.pl\/wp-content\/uploads\/2022\/11\/20220726_090309-574x765.jpg 574w, https:\/\/www.akademia-miedzygatunkowa.pl\/wp-content\/uploads\/2022\/11\/20220726_090309-scaled.jpg 1920w\" data-sizes=\"(max-width: 768px) 100vw, 768px\" src=\"data:image\/svg+xml;base64,PHN2ZyB3aWR0aD0iMSIgaGVpZ2h0PSIxIiB4bWxucz0iaHR0cDovL3d3dy53My5vcmcvMjAwMC9zdmciPjwvc3ZnPg==\" \/><\/figure>\n<\/div>\n\n\n\n<div class=\"wp-block-column is-vertically-aligned-center is-layout-flow wp-block-column-is-layout-flow\">\n<p>Cze\u015b\u0107! Mam na imi\u0119 Paulina i jestem opiekunk\u0105 trzech ps\u00f3w, kociego jedynaka, mam\u0105 dw\u00f3jk\u0119 dzieci oraz jestem \u017con\u0105 mojego wspania\u0142ego m\u0119\u017ca, kt\u00f3ry stworzy\u0142 t\u0105 stron\u0119. Obecnie mam sko\u0144czone studia podyplomowe z behawiorystyki zwierz\u0105t towarzysz\u0105cych, behawiorystyki kociej, sko\u0144czon\u0105 szko\u0142\u0119 policealn\u0105 w kierunku technik weterynarii, zrobiony kurs instruktorski ze szkolenia ps\u00f3w I i II stopnia, sko\u0144czony kurs instruktora nose work, uko\u0144czony kurs kynoedukatora, rozpocz\u0119ty kurs dietetyka ps\u00f3w i kot\u00f3w, a tak\u017ce uko\u0144czony kurs z integracji sensorycznej u ps\u00f3w i terapii ps\u00f3w agresywnych. Ostatnio sko\u0144czy\u0142am r\u00f3wnie\u017c kurs Dogoterapii, we wrze\u015bniu w planach mam zacz\u0105\u0107 nauk\u0119 na kierunku terapeuta zaj\u0119ciowy oraz kolejny kurs doszkalaj\u0105cy z nose work.<\/p>\n<\/div>\n<\/div>\n\n\n\n<p>Podczas studi\u00f3w licencjackich wsp\u00f3\u0142organizowa\u0142am pomoc dla chorzowskiego schroniska dla bezdomnych zwierz\u0105t (zbi\u00f3rki dar\u00f3w), przez pewien czas by\u0142am tam wolontariuszk\u0105 i wyprowadza\u0142am schroniskowe psy na spacery. W 2021-2023 z przerwami odby\u0142am oko\u0142o roczn\u0105 praktyk\u0119 w katowickiej szkole dla ps\u00f3w \u201eWarsztat&#8221;.Ponadto uczestniczy\u0142am w wielu webinariach, szkoleniach, warsztatach o tematyce zar\u00f3wno psiej jak i kociej. Niedawno wr\u00f3ci\u0142am na wolontariat w schronisku w Chorzowie. Wszystkie moje dyplomy znajduj\u0105 si\u0119 w zak\u0142adce \u201e<a href=\"http:\/\/www.akademia-miedzygatunkowa.pl\/?page_id=95\">wykszta\u0142cenie<\/a>\u201d.<\/p>\n\n\n\n<div class=\"wp-block-columns are-vertically-aligned-center is-layout-flex wp-container-core-columns-is-layout-28f84493 wp-block-columns-is-layout-flex\">\n<div class=\"wp-block-column is-vertically-aligned-center is-layout-flow wp-block-column-is-layout-flow\" style=\"flex-basis:66.66%\">\n<p>To tyle z oficjalnego przedstawienia, teraz mniej oficjalne \ud83d\ude42<\/p>\n\n\n\n<p>Na codzie\u0144 zajmuj\u0119 si\u0119 domem, zwierz\u0119tami i dzie\u0107mi, a pisanie artyku\u0142\u00f3w jest dla mnie \u015bwietnym sposobem na pok\u0142adanie sobie wiedzy w g\u0142owie. Strona ma te\u017c inn\u0105 wa\u017cn\u0105 funkcj\u0119, rozpowszechnia \u015bwiadome posiadanie zwierz\u0105t.<\/p>\n<\/div>\n\n\n\n<div class=\"wp-block-column is-vertically-aligned-center is-layout-flow wp-block-column-is-layout-flow\" style=\"flex-basis:33.33%\">\n<figure class=\"wp-block-image size-large has-custom-border\"><img decoding=\"async\" width=\"768\" height=\"1024\" data-src=\"http:\/\/www.akademia-miedzygatunkowa.pl\/wp-content\/uploads\/2022\/11\/IMG_20190922_111013-768x1024.jpg\" alt=\"\" class=\"wp-image-329 lazyload\" style=\"--smush-placeholder-width: 768px; --smush-placeholder-aspect-ratio: 768\/1024;border-radius:10px\" data-srcset=\"https:\/\/www.akademia-miedzygatunkowa.pl\/wp-content\/uploads\/2022\/11\/IMG_20190922_111013-768x1024.jpg 768w, https:\/\/www.akademia-miedzygatunkowa.pl\/wp-content\/uploads\/2022\/11\/IMG_20190922_111013-225x300.jpg 225w, https:\/\/www.akademia-miedzygatunkowa.pl\/wp-content\/uploads\/2022\/11\/IMG_20190922_111013-1152x1536.jpg 1152w, https:\/\/www.akademia-miedzygatunkowa.pl\/wp-content\/uploads\/2022\/11\/IMG_20190922_111013-1536x2048.jpg 1536w, https:\/\/www.akademia-miedzygatunkowa.pl\/wp-content\/uploads\/2022\/11\/IMG_20190922_111013-574x765.jpg 574w, https:\/\/www.akademia-miedzygatunkowa.pl\/wp-content\/uploads\/2022\/11\/IMG_20190922_111013-scaled.jpg 1920w\" data-sizes=\"(max-width: 768px) 100vw, 768px\" src=\"data:image\/svg+xml;base64,PHN2ZyB3aWR0aD0iMSIgaGVpZ2h0PSIxIiB4bWxucz0iaHR0cDovL3d3dy53My5vcmcvMjAwMC9zdmciPjwvc3ZnPg==\" \/><\/figure>\n<\/div>\n<\/div>\n\n\n\n<p>Poza zwierz\u0119cym wykszta\u0142ceniem uko\u0144czy\u0142am licencjat z zarz\u0105dzania i przedsi\u0119biorczo\u015b\u0107 II stopnia oraz studia podyplomowe z negocjacji w biznesie.<\/p>\n\n\n\n<p>Lubi\u0119 je\u017adzi\u0107 z rodzin\u0105 na rowerze, odnajdywa\u0107 nowe \u015bcie\u017cki le\u015bne, gra\u0107 w plansz\u00f3wki, a tak\u017ce dba\u0107 o zdrowy styl \u017cycia. Od 17 lat jestem wegetariank\u0105, ale spokojnie, zwierzaczki jedz\u0105 mi\u0119so \ud83d\ude42<\/p>\n\n\n\n<p>Interesuj\u0119 si\u0119 psychologi\u0105 ludzk\u0105, poniewa\u017c du\u017co przek\u0142ada si\u0119 z tej wiedzy na prac\u0119 ze zwierz\u0119tami.<\/p>\n\n\n\n<p>W domu opr\u00f3cz moich zwierz\u0105t, s\u0105 tak\u017ce zwierzaki c\u00f3rki, agama brodata, kt\u00f3r\u0105 mam przyjemno\u015b\u0107 karmi\u0107 \u017cywymi robalami \ud83d\ude09 <\/p>\n\n\n\n<p>O zwierz\u0119tach nie b\u0119d\u0119 si\u0119 tutaj rozpisywa\u0107, bo ka\u017cde ma swoj\u0105 specjalnie po\u015bwi\u0119con\u0105 zak\u0142adk\u0119.<\/p>\n\n\n\n<div class=\"wp-block-columns is-layout-flex wp-container-core-columns-is-layout-28f84493 wp-block-columns-is-layout-flex\">\n<div class=\"wp-block-column is-layout-flow wp-block-column-is-layout-flow\">\n<figure class=\"wp-block-image size-large has-custom-border\"><img decoding=\"async\" width=\"768\" height=\"1024\" data-src=\"http:\/\/www.akademia-miedzygatunkowa.pl\/wp-content\/uploads\/2022\/11\/IMG_20190922_110647-768x1024.jpg\" alt=\"\" class=\"wp-image-330 lazyload\" style=\"--smush-placeholder-width: 768px; --smush-placeholder-aspect-ratio: 768\/1024;border-radius:10px\" data-srcset=\"https:\/\/www.akademia-miedzygatunkowa.pl\/wp-content\/uploads\/2022\/11\/IMG_20190922_110647-768x1024.jpg 768w, https:\/\/www.akademia-miedzygatunkowa.pl\/wp-content\/uploads\/2022\/11\/IMG_20190922_110647-225x300.jpg 225w, https:\/\/www.akademia-miedzygatunkowa.pl\/wp-content\/uploads\/2022\/11\/IMG_20190922_110647-1152x1536.jpg 1152w, https:\/\/www.akademia-miedzygatunkowa.pl\/wp-content\/uploads\/2022\/11\/IMG_20190922_110647-1536x2048.jpg 1536w, https:\/\/www.akademia-miedzygatunkowa.pl\/wp-content\/uploads\/2022\/11\/IMG_20190922_110647-574x765.jpg 574w, https:\/\/www.akademia-miedzygatunkowa.pl\/wp-content\/uploads\/2022\/11\/IMG_20190922_110647-scaled.jpg 1920w\" data-sizes=\"(max-width: 768px) 100vw, 768px\" src=\"data:image\/svg+xml;base64,PHN2ZyB3aWR0aD0iMSIgaGVpZ2h0PSIxIiB4bWxucz0iaHR0cDovL3d3dy53My5vcmcvMjAwMC9zdmciPjwvc3ZnPg==\" \/><\/figure>\n<\/div>\n\n\n\n<div class=\"wp-block-column is-vertically-aligned-center is-layout-flow wp-block-column-is-layout-flow\">\n<p>Kr\u00f3tko opowiem jeszcze o nazwie strony. Pocz\u0105tkowo mia\u0142am plan nazwa\u0107 ten projekt \u201eAkademia rozwoju kompetencji mi\u0119dzygatunkowych\u201d, jednak w Internecie wszystko musi by\u0107 szybkie i kr\u00f3tkie, st\u0105d nazwa zosta\u0142a skr\u00f3cona do \u201eAkademia relacji mi\u0119dzygatunkowych\u201d. Trudno by\u0142o mi znale\u017a\u0107 tak\u0105 nazw\u0119, kt\u00f3ra obejmowa\u0142aby dwa gatunki, kt\u00f3rymi si\u0119 zajmuj\u0119 czyli psy i koty. Jedna i druga nazwa nawi\u0105zuje do tego co chcia\u0142abym swoj\u0105 tw\u00f3rczo\u015bci\u0105 przekaza\u0107, czyli jak budowa\u0107 pozytywn\u0105 relacj\u0119 z pupilem oraz jak zadba\u0107 odpowiednio o swojego psa lub kota.<\/p>\n<\/div>\n<\/div>\n","protected":false},"excerpt":{"rendered":"<p>Cze\u015b\u0107! Mam na imi\u0119 Paulina i jestem opiekunk\u0105 trzech ps\u00f3w, kociego jedynaka, mam\u0105 dw\u00f3jk\u0119 dzieci oraz jestem \u017con\u0105 mojego wspania\u0142ego [&hellip;]<\/p>\n","protected":false},"author":1,"featured_media":328,"parent":75,"menu_order":0,"comment_status":"closed","ping_status":"closed","template":"wp-custom-template-autor-szablon","meta":{"_monsterinsights_skip_tracking":false,"_monsterinsights_sitenote_active":false,"_monsterinsights_sitenote_note":"","_monsterinsights_sitenote_category":0,"footnotes":""},"class_list":["post-73","page","type-page","status-publish","has-post-thumbnail","hentry"],"_links":{"self":[{"href":"https:\/\/www.akademia-miedzygatunkowa.pl\/index.php?rest_route=\/wp\/v2\/pages\/73","targetHints":{"allow":["GET"]}}],"collection":[{"href":"https:\/\/www.akademia-miedzygatunkowa.pl\/index.php?rest_route=\/wp\/v2\/pages"}],"about":[{"href":"https:\/\/www.akademia-miedzygatunkowa.pl\/index.php?rest_route=\/wp\/v2\/types\/page"}],"author":[{"embeddable":true,"href":"https:\/\/www.akademia-miedzygatunkowa.pl\/index.php?rest_route=\/wp\/v2\/users\/1"}],"replies":[{"embeddable":true,"href":"https:\/\/www.akademia-miedzygatunkowa.pl\/index.php?rest_route=%2Fwp%2Fv2%2Fcomments&post=73"}],"version-history":[{"count":10,"href":"https:\/\/www.akademia-miedzygatunkowa.pl\/index.php?rest_route=\/wp\/v2\/pages\/73\/revisions"}],"predecessor-version":[{"id":578,"href":"https:\/\/www.akademia-miedzygatunkowa.pl\/index.php?rest_route=\/wp\/v2\/pages\/73\/revisions\/578"}],"up":[{"embeddable":true,"href":"https:\/\/www.akademia-miedzygatunkowa.pl\/index.php?rest_route=\/wp\/v2\/pages\/75"}],"wp:featuredmedia":[{"embeddable":true,"href":"https:\/\/www.akademia-miedzygatunkowa.pl\/index.php?rest_route=\/wp\/v2\/media\/328"}],"wp:attachment":[{"href":"https:\/\/www.akademia-miedzygatunkowa.pl\/index.php?rest_route=%2Fwp%2Fv2%2Fmedia&parent=73"}],"curies":[{"name":"wp","href":"https:\/\/api.w.org\/{rel}","templated":true}]}}