{"id":75,"date":"2022-09-19T09:22:27","date_gmt":"2022-09-19T09:22:27","guid":{"rendered":"http:\/\/www.akademia-miedzygatunkowa.pl\/?page_id=75"},"modified":"2023-11-01T18:25:29","modified_gmt":"2023-11-01T18:25:29","slug":"o-mnie","status":"publish","type":"page","link":"https:\/\/www.akademia-miedzygatunkowa.pl\/?page_id=75","title":{"rendered":"O mnie"},"content":{"rendered":"\n<p>W tej sekcji przeczytasz o mnie, o moich psach i kocim jedynaku \ud83d\ude42<br>Ka\u017cdy ma przydzielon\u0105 swoj\u0105 stron\u0119, mi\u0142ego czytania!<\/p>\n\n\n\n<div class=\"wp-block-group is-layout-flow wp-block-group-is-layout-flow\">\n<div class=\"wp-block-columns is-layout-flex wp-container-core-columns-is-layout-28f84493 wp-block-columns-is-layout-flex\">\n<div class=\"wp-block-column is-layout-flow wp-block-column-is-layout-flow\">\n<figure class=\"wp-block-image size-large has-custom-border\"><img decoding=\"async\" width=\"768\" height=\"1024\" data-src=\"http:\/\/www.akademia-miedzygatunkowa.pl\/wp-content\/uploads\/2022\/11\/20220726_090309-768x1024.jpg\" alt=\"\" class=\"wp-image-328 lazyload\" style=\"--smush-placeholder-width: 768px; --smush-placeholder-aspect-ratio: 768\/1024;border-radius:10px\" data-srcset=\"https:\/\/www.akademia-miedzygatunkowa.pl\/wp-content\/uploads\/2022\/11\/20220726_090309-768x1024.jpg 768w, https:\/\/www.akademia-miedzygatunkowa.pl\/wp-content\/uploads\/2022\/11\/20220726_090309-225x300.jpg 225w, https:\/\/www.akademia-miedzygatunkowa.pl\/wp-content\/uploads\/2022\/11\/20220726_090309-1152x1536.jpg 1152w, https:\/\/www.akademia-miedzygatunkowa.pl\/wp-content\/uploads\/2022\/11\/20220726_090309-1536x2048.jpg 1536w, https:\/\/www.akademia-miedzygatunkowa.pl\/wp-content\/uploads\/2022\/11\/20220726_090309-574x765.jpg 574w, https:\/\/www.akademia-miedzygatunkowa.pl\/wp-content\/uploads\/2022\/11\/20220726_090309-scaled.jpg 1920w\" data-sizes=\"(max-width: 768px) 100vw, 768px\" src=\"data:image\/svg+xml;base64,PHN2ZyB3aWR0aD0iMSIgaGVpZ2h0PSIxIiB4bWxucz0iaHR0cDovL3d3dy53My5vcmcvMjAwMC9zdmciPjwvc3ZnPg==\" \/><\/figure>\n<\/div>\n\n\n\n<div class=\"wp-block-column is-vertically-aligned-center is-layout-flow wp-block-column-is-layout-flow\">\n<h2 class=\"wp-block-heading\">Autor<\/h2>\n\n\n\n<div class=\"wp-block-buttons is-layout-flex wp-block-buttons-is-layout-flex\">\n<div class=\"wp-block-button\"><a class=\"wp-block-button__link wp-element-button\" href=\"http:\/\/www.akademia-miedzygatunkowa.pl\/?page_id=73\">Czytaj dalej<\/a><\/div>\n<\/div>\n<\/div>\n<\/div>\n\n\n\n<div class=\"wp-block-columns is-layout-flex wp-container-core-columns-is-layout-28f84493 wp-block-columns-is-layout-flex\">\n<div class=\"wp-block-column is-layout-flow wp-block-column-is-layout-flow\">\n<figure class=\"wp-block-image size-large has-custom-border\"><img decoding=\"async\" width=\"1024\" height=\"576\" data-src=\"http:\/\/www.akademia-miedzygatunkowa.pl\/wp-content\/uploads\/2022\/11\/DSC0185-1024x576.jpg\" alt=\"\" class=\"wp-image-323 lazyload\" style=\"--smush-placeholder-width: 1024px; --smush-placeholder-aspect-ratio: 1024\/576;border-radius:10px\" data-srcset=\"https:\/\/www.akademia-miedzygatunkowa.pl\/wp-content\/uploads\/2022\/11\/DSC0185-1024x576.jpg 1024w, https:\/\/www.akademia-miedzygatunkowa.pl\/wp-content\/uploads\/2022\/11\/DSC0185-300x169.jpg 300w, https:\/\/www.akademia-miedzygatunkowa.pl\/wp-content\/uploads\/2022\/11\/DSC0185-768x432.jpg 768w, https:\/\/www.akademia-miedzygatunkowa.pl\/wp-content\/uploads\/2022\/11\/DSC0185-1536x864.jpg 1536w, https:\/\/www.akademia-miedzygatunkowa.pl\/wp-content\/uploads\/2022\/11\/DSC0185-1360x765.jpg 1360w, https:\/\/www.akademia-miedzygatunkowa.pl\/wp-content\/uploads\/2022\/11\/DSC0185.jpg 2000w\" data-sizes=\"(max-width: 1024px) 100vw, 1024px\" src=\"data:image\/svg+xml;base64,PHN2ZyB3aWR0aD0iMSIgaGVpZ2h0PSIxIiB4bWxucz0iaHR0cDovL3d3dy53My5vcmcvMjAwMC9zdmciPjwvc3ZnPg==\" \/><\/figure>\n<\/div>\n\n\n\n<div class=\"wp-block-column is-vertically-aligned-center is-layout-flow wp-block-column-is-layout-flow\">\n<h2 class=\"wp-block-heading\">Mavis<\/h2>\n\n\n\n<div class=\"wp-block-buttons is-layout-flex wp-block-buttons-is-layout-flex\">\n<div class=\"wp-block-button\"><a class=\"wp-block-button__link wp-element-button\" href=\"http:\/\/www.akademia-miedzygatunkowa.pl\/?page_id=73\">Czytaj dalej<\/a><\/div>\n<\/div>\n<\/div>\n<\/div>\n\n\n\n<div class=\"wp-block-columns is-layout-flex wp-container-core-columns-is-layout-28f84493 wp-block-columns-is-layout-flex\">\n<div class=\"wp-block-column is-layout-flow wp-block-column-is-layout-flow\">\n<figure class=\"wp-block-image size-large has-custom-border\"><img decoding=\"async\" width=\"1024\" height=\"576\" data-src=\"http:\/\/www.akademia-miedzygatunkowa.pl\/wp-content\/uploads\/2022\/11\/DSC0369-1024x576.jpg\" alt=\"\" class=\"wp-image-317 lazyload\" style=\"--smush-placeholder-width: 1024px; --smush-placeholder-aspect-ratio: 1024\/576;border-radius:10px\" data-srcset=\"https:\/\/www.akademia-miedzygatunkowa.pl\/wp-content\/uploads\/2022\/11\/DSC0369-1024x576.jpg 1024w, https:\/\/www.akademia-miedzygatunkowa.pl\/wp-content\/uploads\/2022\/11\/DSC0369-300x169.jpg 300w, https:\/\/www.akademia-miedzygatunkowa.pl\/wp-content\/uploads\/2022\/11\/DSC0369-768x432.jpg 768w, https:\/\/www.akademia-miedzygatunkowa.pl\/wp-content\/uploads\/2022\/11\/DSC0369-1536x864.jpg 1536w, https:\/\/www.akademia-miedzygatunkowa.pl\/wp-content\/uploads\/2022\/11\/DSC0369-1360x765.jpg 1360w, https:\/\/www.akademia-miedzygatunkowa.pl\/wp-content\/uploads\/2022\/11\/DSC0369.jpg 2000w\" data-sizes=\"(max-width: 1024px) 100vw, 1024px\" src=\"data:image\/svg+xml;base64,PHN2ZyB3aWR0aD0iMSIgaGVpZ2h0PSIxIiB4bWxucz0iaHR0cDovL3d3dy53My5vcmcvMjAwMC9zdmciPjwvc3ZnPg==\" \/><\/figure>\n<\/div>\n\n\n\n<div class=\"wp-block-column is-vertically-aligned-center is-layout-flow wp-block-column-is-layout-flow\">\n<h2 class=\"wp-block-heading\">Kiara<\/h2>\n\n\n\n<div class=\"wp-block-buttons is-layout-flex wp-block-buttons-is-layout-flex\">\n<div class=\"wp-block-button\"><a class=\"wp-block-button__link wp-element-button\" href=\"http:\/\/www.akademia-miedzygatunkowa.pl\/?page_id=114\">Czytaj dalej<\/a><\/div>\n<\/div>\n<\/div>\n<\/div>\n\n\n\n<div class=\"wp-block-columns is-layout-flex wp-container-core-columns-is-layout-28f84493 wp-block-columns-is-layout-flex\">\n<div class=\"wp-block-column is-layout-flow wp-block-column-is-layout-flow\">\n<figure class=\"wp-block-image size-large has-custom-border\"><img decoding=\"async\" width=\"1024\" height=\"576\" data-src=\"http:\/\/www.akademia-miedzygatunkowa.pl\/wp-content\/uploads\/2022\/11\/DSC0497-1-1024x576.jpg\" alt=\"\" class=\"wp-image-316 lazyload\" style=\"--smush-placeholder-width: 1024px; --smush-placeholder-aspect-ratio: 1024\/576;border-radius:10px\" data-srcset=\"https:\/\/www.akademia-miedzygatunkowa.pl\/wp-content\/uploads\/2022\/11\/DSC0497-1-1024x576.jpg 1024w, https:\/\/www.akademia-miedzygatunkowa.pl\/wp-content\/uploads\/2022\/11\/DSC0497-1-300x169.jpg 300w, https:\/\/www.akademia-miedzygatunkowa.pl\/wp-content\/uploads\/2022\/11\/DSC0497-1-768x432.jpg 768w, https:\/\/www.akademia-miedzygatunkowa.pl\/wp-content\/uploads\/2022\/11\/DSC0497-1-1536x864.jpg 1536w, https:\/\/www.akademia-miedzygatunkowa.pl\/wp-content\/uploads\/2022\/11\/DSC0497-1-1360x765.jpg 1360w, https:\/\/www.akademia-miedzygatunkowa.pl\/wp-content\/uploads\/2022\/11\/DSC0497-1.jpg 2000w\" data-sizes=\"(max-width: 1024px) 100vw, 1024px\" src=\"data:image\/svg+xml;base64,PHN2ZyB3aWR0aD0iMSIgaGVpZ2h0PSIxIiB4bWxucz0iaHR0cDovL3d3dy53My5vcmcvMjAwMC9zdmciPjwvc3ZnPg==\" \/><\/figure>\n<\/div>\n\n\n\n<div class=\"wp-block-column is-vertically-aligned-center is-layout-flow wp-block-column-is-layout-flow\">\n<h2 class=\"wp-block-heading\">Feniks<\/h2>\n\n\n\n<div class=\"wp-block-buttons is-layout-flex wp-block-buttons-is-layout-flex\">\n<div class=\"wp-block-button\"><a class=\"wp-block-button__link wp-element-button\" href=\"http:\/\/www.akademia-miedzygatunkowa.pl\/?page_id=109\">Czytaj dalej<\/a><\/div>\n<\/div>\n<\/div>\n<\/div>\n\n\n\n<div class=\"wp-block-columns is-layout-flex wp-container-core-columns-is-layout-28f84493 wp-block-columns-is-layout-flex\">\n<div class=\"wp-block-column is-layout-flow wp-block-column-is-layout-flow\">\n<figure class=\"wp-block-image size-large has-custom-border\"><img decoding=\"async\" width=\"1024\" height=\"576\" data-src=\"http:\/\/www.akademia-miedzygatunkowa.pl\/wp-content\/uploads\/2022\/11\/DSC0101-1024x576.jpg\" alt=\"\" class=\"wp-image-321 lazyload\" style=\"--smush-placeholder-width: 1024px; --smush-placeholder-aspect-ratio: 1024\/576;border-radius:10px\" data-srcset=\"https:\/\/www.akademia-miedzygatunkowa.pl\/wp-content\/uploads\/2022\/11\/DSC0101-1024x576.jpg 1024w, https:\/\/www.akademia-miedzygatunkowa.pl\/wp-content\/uploads\/2022\/11\/DSC0101-300x169.jpg 300w, https:\/\/www.akademia-miedzygatunkowa.pl\/wp-content\/uploads\/2022\/11\/DSC0101-768x432.jpg 768w, https:\/\/www.akademia-miedzygatunkowa.pl\/wp-content\/uploads\/2022\/11\/DSC0101-1536x864.jpg 1536w, https:\/\/www.akademia-miedzygatunkowa.pl\/wp-content\/uploads\/2022\/11\/DSC0101-1360x765.jpg 1360w, https:\/\/www.akademia-miedzygatunkowa.pl\/wp-content\/uploads\/2022\/11\/DSC0101.jpg 2000w\" data-sizes=\"(max-width: 1024px) 100vw, 1024px\" src=\"data:image\/svg+xml;base64,PHN2ZyB3aWR0aD0iMSIgaGVpZ2h0PSIxIiB4bWxucz0iaHR0cDovL3d3dy53My5vcmcvMjAwMC9zdmciPjwvc3ZnPg==\" \/><\/figure>\n<\/div>\n\n\n\n<div class=\"wp-block-column is-vertically-aligned-center is-layout-flow wp-block-column-is-layout-flow\">\n<h2 class=\"wp-block-heading\">Uriel<\/h2>\n\n\n\n<div class=\"wp-block-buttons is-layout-flex wp-block-buttons-is-layout-flex\">\n<div class=\"wp-block-button\"><a class=\"wp-block-button__link wp-element-button\" href=\"http:\/\/www.akademia-miedzygatunkowa.pl\/?page_id=110\">Czytaj dalej<\/a><\/div>\n<\/div>\n<\/div>\n<\/div>\n\n\n\n<div class=\"wp-block-columns is-layout-flex wp-container-core-columns-is-layout-28f84493 wp-block-columns-is-layout-flex\">\n<div class=\"wp-block-column is-layout-flow wp-block-column-is-layout-flow\">\n<figure class=\"wp-block-image size-large has-custom-border\"><img decoding=\"async\" width=\"1024\" height=\"576\" data-src=\"http:\/\/www.akademia-miedzygatunkowa.pl\/wp-content\/uploads\/2023\/11\/DSC0202_crp-1024x576.jpg\" alt=\"\" class=\"wp-image-695 lazyload\" style=\"--smush-placeholder-width: 1024px; --smush-placeholder-aspect-ratio: 1024\/576;border-radius:10px\" data-srcset=\"https:\/\/www.akademia-miedzygatunkowa.pl\/wp-content\/uploads\/2023\/11\/DSC0202_crp-1024x576.jpg 1024w, https:\/\/www.akademia-miedzygatunkowa.pl\/wp-content\/uploads\/2023\/11\/DSC0202_crp-300x169.jpg 300w, https:\/\/www.akademia-miedzygatunkowa.pl\/wp-content\/uploads\/2023\/11\/DSC0202_crp-768x432.jpg 768w, https:\/\/www.akademia-miedzygatunkowa.pl\/wp-content\/uploads\/2023\/11\/DSC0202_crp-1536x864.jpg 1536w, https:\/\/www.akademia-miedzygatunkowa.pl\/wp-content\/uploads\/2023\/11\/DSC0202_crp-1360x765.jpg 1360w, https:\/\/www.akademia-miedzygatunkowa.pl\/wp-content\/uploads\/2023\/11\/DSC0202_crp.jpg 2000w\" data-sizes=\"(max-width: 1024px) 100vw, 1024px\" src=\"data:image\/svg+xml;base64,PHN2ZyB3aWR0aD0iMSIgaGVpZ2h0PSIxIiB4bWxucz0iaHR0cDovL3d3dy53My5vcmcvMjAwMC9zdmciPjwvc3ZnPg==\" \/><\/figure>\n<\/div>\n\n\n\n<div class=\"wp-block-column is-vertically-aligned-center is-layout-flow wp-block-column-is-layout-flow\">\n<h2 class=\"wp-block-heading\">Vesna<\/h2>\n\n\n\n<div class=\"wp-block-buttons is-layout-flex wp-block-buttons-is-layout-flex\">\n<div class=\"wp-block-button\"><a class=\"wp-block-button__link wp-element-button\" href=\"https:\/\/www.akademia-miedzygatunkowa.pl\/?page_id=694\">Czytaj dalej<\/a><\/div>\n<\/div>\n<\/div>\n<\/div>\n<\/div>\n","protected":false},"excerpt":{"rendered":"<p>W tej sekcji przeczytasz o mnie, o moich psach i kocim jedynaku \ud83d\ude42Ka\u017cdy ma przydzielon\u0105 swoj\u0105 stron\u0119, mi\u0142ego czytania! Autor [&hellip;]<\/p>\n","protected":false},"author":1,"featured_media":0,"parent":0,"menu_order":0,"comment_status":"closed","ping_status":"closed","template":"","meta":{"_monsterinsights_skip_tracking":false,"_monsterinsights_sitenote_active":false,"_monsterinsights_sitenote_note":"","_monsterinsights_sitenote_category":0,"footnotes":""},"class_list":["post-75","page","type-page","status-publish","hentry"],"_links":{"self":[{"href":"https:\/\/www.akademia-miedzygatunkowa.pl\/index.php?rest_route=\/wp\/v2\/pages\/75","targetHints":{"allow":["GET"]}}],"collection":[{"href":"https:\/\/www.akademia-miedzygatunkowa.pl\/index.php?rest_route=\/wp\/v2\/pages"}],"about":[{"href":"https:\/\/www.akademia-miedzygatunkowa.pl\/index.php?rest_route=\/wp\/v2\/types\/page"}],"author":[{"embeddable":true,"href":"https:\/\/www.akademia-miedzygatunkowa.pl\/index.php?rest_route=\/wp\/v2\/users\/1"}],"replies":[{"embeddable":true,"href":"https:\/\/www.akademia-miedzygatunkowa.pl\/index.php?rest_route=%2Fwp%2Fv2%2Fcomments&post=75"}],"version-history":[{"count":8,"href":"https:\/\/www.akademia-miedzygatunkowa.pl\/index.php?rest_route=\/wp\/v2\/pages\/75\/revisions"}],"predecessor-version":[{"id":699,"href":"https:\/\/www.akademia-miedzygatunkowa.pl\/index.php?rest_route=\/wp\/v2\/pages\/75\/revisions\/699"}],"wp:attachment":[{"href":"https:\/\/www.akademia-miedzygatunkowa.pl\/index.php?rest_route=%2Fwp%2Fv2%2Fmedia&parent=75"}],"curies":[{"name":"wp","href":"https:\/\/api.w.org\/{rel}","templated":true}]}}