{"id":792,"date":"2026-01-05T19:38:16","date_gmt":"2026-01-05T19:38:16","guid":{"rendered":"https:\/\/www.akademia-miedzygatunkowa.pl\/?page_id=792"},"modified":"2026-01-05T20:41:41","modified_gmt":"2026-01-05T20:41:41","slug":"trening-dogfitness","status":"publish","type":"page","link":"https:\/\/www.akademia-miedzygatunkowa.pl\/?page_id=792","title":{"rendered":"Trening Dogfitness"},"content":{"rendered":"\n<p>Dogfitness to sport dla ka\u017cdego, od szczeniaka po doros\u0142ego a\u017c po seniora. Polecany dla ps\u00f3w :<\/p>\n\n\n\n<p>O ma\u0142ej \u015bwiadomo\u015bci cia\u0142a (w tym z problemami z integracj\u0105 sensoryczn\u0105), dzi\u0119ki czemu nabieraj\u0105 pewno\u015bci siebie<\/p>\n\n\n\n<p>Bardzo skocznych i ruchliwych, aby nauczy\u0142y wykonywa\u0107 si\u0119 swoje akrobacje w bezpieczny dla mi\u0119\u015bni spos\u00f3b,<\/p>\n\n\n\n<p>Jako trening prawid\u0142owej postawy cia\u0142a dla ps\u00f3w wystawowych,<\/p>\n\n\n\n<p>Reaktywnych, l\u0119kliwych i zestresowanych, trening pozwala na rozlu\u017anienie spi\u0119tych mi\u0119\u015bni <\/p>\n\n\n\n<p>Oraz dla ka\u017cdego, kto chce w ciekawy i rozwijaj\u0105cy psa spos\u00f3b sp\u0119dzi\u0107 czas z psem.<\/p>\n\n\n\n<p><\/p>\n\n\n\n<p>Pierwsze zaj\u0119cia to szczeg\u00f3\u0142owy wywiad, ocena psa w staniu, siadzie, ruchu oraz badanie ruchomo\u015bci w stawach, zapoznawanie psa ze sprz\u0119tem, tory sensoryczne, ustalanie planu treningowego. Ka\u017cde kolejne to ju\u017c realizacja planu treningowego. Zaj\u0119cia odbywaj\u0105 si\u0119 w domu klienta, wystarczy wygospodarowa\u0107 troch\u0119 przestrzeni, ja przynosz\u0119 ze sob\u0105 ca\u0142y sprz\u0119t potrzebny na dane zaj\u0119cia. Cena pojedynczego spotkania to 100 z\u0142\/1h.<\/p>\n\n\n\n<p><\/p>\n","protected":false},"excerpt":{"rendered":"<p>Dogfitness to sport dla ka\u017cdego, od szczeniaka po doros\u0142ego a\u017c po seniora. Polecany dla ps\u00f3w : O ma\u0142ej \u015bwiadomo\u015bci cia\u0142a [&hellip;]<\/p>\n","protected":false},"author":2,"featured_media":0,"parent":89,"menu_order":0,"comment_status":"closed","ping_status":"closed","template":"","meta":{"_monsterinsights_skip_tracking":false,"_monsterinsights_sitenote_active":false,"_monsterinsights_sitenote_note":"","_monsterinsights_sitenote_category":0,"footnotes":""},"class_list":["post-792","page","type-page","status-publish","hentry"],"_links":{"self":[{"href":"https:\/\/www.akademia-miedzygatunkowa.pl\/index.php?rest_route=\/wp\/v2\/pages\/792","targetHints":{"allow":["GET"]}}],"collection":[{"href":"https:\/\/www.akademia-miedzygatunkowa.pl\/index.php?rest_route=\/wp\/v2\/pages"}],"about":[{"href":"https:\/\/www.akademia-miedzygatunkowa.pl\/index.php?rest_route=\/wp\/v2\/types\/page"}],"author":[{"embeddable":true,"href":"https:\/\/www.akademia-miedzygatunkowa.pl\/index.php?rest_route=\/wp\/v2\/users\/2"}],"replies":[{"embeddable":true,"href":"https:\/\/www.akademia-miedzygatunkowa.pl\/index.php?rest_route=%2Fwp%2Fv2%2Fcomments&post=792"}],"version-history":[{"count":1,"href":"https:\/\/www.akademia-miedzygatunkowa.pl\/index.php?rest_route=\/wp\/v2\/pages\/792\/revisions"}],"predecessor-version":[{"id":793,"href":"https:\/\/www.akademia-miedzygatunkowa.pl\/index.php?rest_route=\/wp\/v2\/pages\/792\/revisions\/793"}],"up":[{"embeddable":true,"href":"https:\/\/www.akademia-miedzygatunkowa.pl\/index.php?rest_route=\/wp\/v2\/pages\/89"}],"wp:attachment":[{"href":"https:\/\/www.akademia-miedzygatunkowa.pl\/index.php?rest_route=%2Fwp%2Fv2%2Fmedia&parent=792"}],"curies":[{"name":"wp","href":"https:\/\/api.w.org\/{rel}","templated":true}]}}