{"id":93,"date":"2022-09-19T09:27:59","date_gmt":"2022-09-19T09:27:59","guid":{"rendered":"http:\/\/www.akademia-miedzygatunkowa.pl\/?page_id=93"},"modified":"2023-05-27T16:24:13","modified_gmt":"2023-05-27T16:24:13","slug":"kontakt","status":"publish","type":"page","link":"https:\/\/www.akademia-miedzygatunkowa.pl\/?page_id=93","title":{"rendered":"Kontakt"},"content":{"rendered":"\n<div class=\"wp-block-group is-nowrap is-layout-flex wp-container-core-group-is-layout-6c531013 wp-block-group-is-layout-flex\">\n<p>E-Mail: <a href=\"mailto:paulina.czajor@akademia-miedzygatunkowa.pl\" data-type=\"mailto\" data-id=\"mailto:paulina.czajor@akademia-miedzygatunkowa.pl\">paulina.czajor@akademia-miedzygatunkowa.pl<\/a><\/p>\n<\/div>\n\n\n\n<div class=\"wp-block-group is-nowrap is-layout-flex wp-container-core-group-is-layout-6c531013 wp-block-group-is-layout-flex\">\n<p>Facebook: <a href=\"https:\/\/www.facebook.com\/profile.php?id=100092206111799\" data-type=\"URL\" data-id=\"https:\/\/www.facebook.com\/profile.php?id=100092206111799\" target=\"_blank\" rel=\"noreferrer noopener\">Akademia Relacji Mi\u0119dzygatunkowych | Jaworzno<\/a><\/p>\n<\/div>\n\n\n\n<p>Zach\u0119cam r\u00f3wnie\u017c do rezerwacji termin\u00f3w za pomoc\u0105 hiPets:<\/p>\n\n\n\n<p><a href=\"https:\/\/www.hipets.com\/pl-PL\/akademia-miedzygatunkowa\/\">https:\/\/www.hipets.com\/pl-PL\/akademia-miedzygatunkowa\/<\/a><\/p>\n","protected":false},"excerpt":{"rendered":"<p>E-Mail: paulina.czajor@akademia-miedzygatunkowa.pl Facebook: Akademia Relacji Mi\u0119dzygatunkowych | Jaworzno Zach\u0119cam r\u00f3wnie\u017c do rezerwacji termin\u00f3w za pomoc\u0105 hiPets: https:\/\/www.hipets.com\/pl-PL\/akademia-miedzygatunkowa\/<\/p>\n","protected":false},"author":1,"featured_media":0,"parent":0,"menu_order":0,"comment_status":"closed","ping_status":"closed","template":"","meta":{"_monsterinsights_skip_tracking":false,"_monsterinsights_sitenote_active":false,"_monsterinsights_sitenote_note":"","_monsterinsights_sitenote_category":0,"footnotes":""},"class_list":["post-93","page","type-page","status-publish","hentry"],"_links":{"self":[{"href":"https:\/\/www.akademia-miedzygatunkowa.pl\/index.php?rest_route=\/wp\/v2\/pages\/93","targetHints":{"allow":["GET"]}}],"collection":[{"href":"https:\/\/www.akademia-miedzygatunkowa.pl\/index.php?rest_route=\/wp\/v2\/pages"}],"about":[{"href":"https:\/\/www.akademia-miedzygatunkowa.pl\/index.php?rest_route=\/wp\/v2\/types\/page"}],"author":[{"embeddable":true,"href":"https:\/\/www.akademia-miedzygatunkowa.pl\/index.php?rest_route=\/wp\/v2\/users\/1"}],"replies":[{"embeddable":true,"href":"https:\/\/www.akademia-miedzygatunkowa.pl\/index.php?rest_route=%2Fwp%2Fv2%2Fcomments&post=93"}],"version-history":[{"count":6,"href":"https:\/\/www.akademia-miedzygatunkowa.pl\/index.php?rest_route=\/wp\/v2\/pages\/93\/revisions"}],"predecessor-version":[{"id":567,"href":"https:\/\/www.akademia-miedzygatunkowa.pl\/index.php?rest_route=\/wp\/v2\/pages\/93\/revisions\/567"}],"wp:attachment":[{"href":"https:\/\/www.akademia-miedzygatunkowa.pl\/index.php?rest_route=%2Fwp%2Fv2%2Fmedia&parent=93"}],"curies":[{"name":"wp","href":"https:\/\/api.w.org\/{rel}","templated":true}]}}