{"id":95,"date":"2022-09-19T09:28:55","date_gmt":"2022-09-19T09:28:55","guid":{"rendered":"http:\/\/www.akademia-miedzygatunkowa.pl\/?page_id=95"},"modified":"2026-01-05T19:09:30","modified_gmt":"2026-01-05T19:09:30","slug":"certyfikaty","status":"publish","type":"page","link":"https:\/\/www.akademia-miedzygatunkowa.pl\/?page_id=95","title":{"rendered":"Wykszta\u0142cenie"},"content":{"rendered":"\n<h2 class=\"wp-block-heading\">Studia\/kursy<\/h2>\n\n\n\n<div class=\"wp-block-group is-layout-flow wp-container-core-group-is-layout-99b22950 wp-block-group-is-layout-flow\">\n<div class=\"wp-block-columns is-layout-flex wp-container-core-columns-is-layout-28f84493 wp-block-columns-is-layout-flex\">\n<div class=\"wp-block-column is-layout-flow wp-block-column-is-layout-flow\">\n<p><strong>Kurs Dogfitness<\/strong><\/p>\n\n\n\n<p>Polska Akademia Zoopsychologii i Animaloterapii<\/p>\n\n\n\n<p>Stycze\u0144 2024 &#8211; czerwiec 2024<\/p>\n<\/div>\n\n\n\n<div class=\"wp-block-column is-layout-flow wp-block-column-is-layout-flow\">\n<p><strong>Kurs PRO \u201eDiety domowe gotowane\u201d<\/strong><\/p>\n\n\n\n<p>Karolina Ho\u0142da \u017bywienie ps\u00f3w i kot\u00f3w<\/p>\n\n\n\n<p>pad\u017adziernik 2023<\/p>\n<\/div>\n<\/div>\n\n\n\n<div class=\"wp-block-columns is-layout-flex wp-container-core-columns-is-layout-28f84493 wp-block-columns-is-layout-flex\">\n<div class=\"wp-block-column is-layout-flow wp-block-column-is-layout-flow\">\n<p><strong>Terapeuta Zaj\u0119ciowy<\/strong><\/p>\n\n\n\n<p>Centrum Nauki i Biznesu \u201e\u017bak\u201d<\/p>\n\n\n\n<p>wrzesie\u0144 2023 &#8211; czerwiec 2025<\/p>\n<\/div>\n\n\n\n<div class=\"wp-block-column is-layout-flow wp-block-column-is-layout-flow\">\n<p><strong>Kurs Felinoterapii<\/strong><\/p>\n\n\n\n<p>Fundacja Na Zdrowie Zwierz\u0119ta Ludziom Ludzie Zwierz\u0119tom<\/p>\n\n\n\n<p>pad\u017adziernik 2023<\/p>\n<\/div>\n<\/div>\n\n\n\n<div class=\"wp-block-columns is-layout-flex wp-container-core-columns-is-layout-28f84493 wp-block-columns-is-layout-flex\">\n<div class=\"wp-block-column is-layout-flow wp-block-column-is-layout-flow\">\n<p><strong><strong><strong><strong>KURS PRO &#8211; \u017bywienie starszych ps\u00f3w i kot\u00f3w<\/strong><\/strong><\/strong><\/strong><\/p>\n\n\n\n<p>Karolina Ho\u0142da \u017bywienie ps\u00f3w i kot\u00f3w<\/p>\n\n\n\n<p>lipiec 2023 &#8211; w trakcie<\/p>\n<\/div>\n\n\n\n<div class=\"wp-block-column is-layout-flow wp-block-column-is-layout-flow\">\n<p><strong>Instruktor Rally-O<\/strong><\/p>\n\n\n\n<p>Psia Wachta &#8211; Centrum Edukacji Kynologicznej<\/p>\n\n\n\n<p>lipiec 2023<\/p>\n<\/div>\n<\/div>\n\n\n\n<div class=\"wp-block-columns is-layout-flex wp-container-core-columns-is-layout-28f84493 wp-block-columns-is-layout-flex\">\n<div class=\"wp-block-column is-layout-flow wp-block-column-is-layout-flow\">\n<p><strong><strong>KURS PRO &#8211; Dieta BARF dla psa<\/strong><\/strong><\/p>\n\n\n\n<p>Karolina Ho\u0142da \u017bywienie ps\u00f3w i kot\u00f3w<\/p>\n\n\n\n<p>marzec 2023 &#8211; sierpie\u0144 2023<\/p>\n<\/div>\n\n\n\n<div class=\"wp-block-column is-layout-flow wp-block-column-is-layout-flow\">\n<p><strong><strong>Instruktor Nose Work<\/strong><\/strong><\/p>\n\n\n\n<p>Polska Akademia Zoopsychologii i Animaloterapii<\/p>\n\n\n\n<p>czerwiec 2023 &#8211; wrzesie\u0144 2023<\/p>\n<\/div>\n<\/div>\n\n\n\n<div class=\"wp-block-columns is-layout-flex wp-container-core-columns-is-layout-28f84493 wp-block-columns-is-layout-flex\">\n<div class=\"wp-block-column is-layout-flow wp-block-column-is-layout-flow\">\n<p><strong>KURS PRO &#8211; \u017bywienie szczeni\u0105t i koci\u0105t<\/strong><\/p>\n\n\n\n<p>Karolina Ho\u0142da \u017bywienie ps\u00f3w i kot\u00f3w<\/p>\n\n\n\n<p>listopad 2022 &#8211; marzec 2023<\/p>\n<\/div>\n\n\n\n<div class=\"wp-block-column is-layout-flow wp-block-column-is-layout-flow\">\n<p><strong>Dogoterapeuta (Kynoterapeuta)<\/strong><\/p>\n\n\n\n<p>Polska Akademia Zoopsychologii i Animaloterapii<\/p>\n\n\n\n<p>listopad 2022 &#8211; stycze\u0144 2023<\/p>\n<\/div>\n<\/div>\n\n\n\n<div class=\"wp-block-columns is-layout-flex wp-container-core-columns-is-layout-28f84493 wp-block-columns-is-layout-flex\">\n<div class=\"wp-block-column is-layout-flow wp-block-column-is-layout-flow\">\n<p><strong>KURS PRO &#8211; Karmy komercyjne<\/strong><\/p>\n\n\n\n<p>Karolina Ho\u0142da \u017bywienie ps\u00f3w i kot\u00f3w<\/p>\n\n\n\n<p>pa\u017adziernik 2022 &#8211; grudzie\u0144 2022<\/p>\n<\/div>\n\n\n\n<div class=\"wp-block-column is-layout-flow wp-block-column-is-layout-flow\">\n<p><strong>Trener ps\u00f3w stopie\u0144 II<\/strong><\/p>\n\n\n\n<p>Polska Akademia Zoopsychologii i Animaloterapii<\/p>\n\n\n\n<p>lipiec 2022<\/p>\n<\/div>\n<\/div>\n\n\n\n<div class=\"wp-block-columns is-layout-flex wp-container-core-columns-is-layout-28f84493 wp-block-columns-is-layout-flex\">\n<div class=\"wp-block-column is-layout-flow wp-block-column-is-layout-flow\">\n<p><strong>Trener ps\u00f3w stopie\u0144 I<\/strong><\/p>\n\n\n\n<p>Polska Akademia Zoopsychologii i Animaloterapii<\/p>\n\n\n\n<p>maj 2022<\/p>\n<\/div>\n\n\n\n<div class=\"wp-block-column is-layout-flow wp-block-column-is-layout-flow\">\n<p><strong>KURS PRO &#8211; Podstawy \u017cywienia kot\u00f3w<\/strong><\/p>\n\n\n\n<p>Karolina Ho\u0142da \u017bywienie ps\u00f3w i kot\u00f3w<\/p>\n\n\n\n<p>marzec 2022 &#8211; maj 2022<\/p>\n<\/div>\n<\/div>\n\n\n\n<div class=\"wp-block-columns is-layout-flex wp-container-core-columns-is-layout-28f84493 wp-block-columns-is-layout-flex\">\n<div class=\"wp-block-column is-layout-flow wp-block-column-is-layout-flow\">\n<p><strong>KURS PRO &#8211; Podstawy \u017cywienia ps\u00f3w<\/strong><\/p>\n\n\n\n<p>Karolina Ho\u0142da \u017bywienie ps\u00f3w i kot\u00f3w<\/p>\n\n\n\n<p>listopad 2021 &#8211; luty 2022<\/p>\n<\/div>\n\n\n\n<div class=\"wp-block-column is-layout-flow wp-block-column-is-layout-flow\">\n<p><strong>Kurs Instruktorski Nose Work<\/strong><\/p>\n\n\n\n<p>Fundacja IRMA &#8211; Psy w S\u0142u\u017cbie Cz\u0142owieka<\/p>\n\n\n\n<p>czerwiec 2021 &#8211; lipiec 2022<\/p>\n<\/div>\n<\/div>\n\n\n\n<div class=\"wp-block-columns is-layout-flex wp-container-core-columns-is-layout-28f84493 wp-block-columns-is-layout-flex\">\n<div class=\"wp-block-column is-layout-flow wp-block-column-is-layout-flow\">\n<p><strong>Terapia Ps\u00f3w Agresywnych<\/strong><\/p>\n\n\n\n<p>Wojtk\u00f3w Szkolenia<\/p>\n\n\n\n<p>kwiecie\u0144 2021<\/p>\n<\/div>\n\n\n\n<div class=\"wp-block-column is-layout-flow wp-block-column-is-layout-flow\">\n<p><strong>Kynoedukator_ka<\/strong><\/p>\n\n\n\n<p>Balans.dog<\/p>\n\n\n\n<p>marzec 2021 &#8211; maj 2021<\/p>\n<\/div>\n<\/div>\n\n\n\n<div class=\"wp-block-columns is-layout-flex wp-container-core-columns-is-layout-28f84493 wp-block-columns-is-layout-flex\">\n<div class=\"wp-block-column is-layout-flow wp-block-column-is-layout-flow\">\n<p><strong>Behawiorystyka zwierz\u0105t towarzysz\u0105cych &#8211; koty, studia podyplomowe<\/strong><\/p>\n\n\n\n<p>Wy\u017csza Szko\u0142a Europejska im. Ks. J\u00f3zefa Tischnera w Krakowie<\/p>\n\n\n\n<p>pa\u017adziernik 2020 &#8211; czerwiec 2021<\/p>\n<\/div>\n\n\n\n<div class=\"wp-block-column is-layout-flow wp-block-column-is-layout-flow\">\n<p><strong>Behawiorystyka zwierz\u0105t towarzysz\u0105cych, studia podyplomowe<\/strong><\/p>\n\n\n\n<p>Wy\u017csza Szko\u0142a Europejska im. Ks. J\u00f3zefa Tischnera w Krakowie<\/p>\n\n\n\n<p>pa\u017adziernik 2019 &#8211; wrzesie\u0144 2020<\/p>\n<\/div>\n<\/div>\n\n\n\n<div class=\"wp-block-columns is-layout-flex wp-container-core-columns-is-layout-28f84493 wp-block-columns-is-layout-flex\">\n<div class=\"wp-block-column is-layout-flow wp-block-column-is-layout-flow\">\n<p><strong>Technik weterynarii<br>\u015awiadectwo uko\u0144czenia szko\u0142y oraz kwalifikacja zawodowa R.09<\/strong><\/p>\n\n\n\n<p>Szko\u0142a Policealna \u201eCentrum Edukacji Si\u00f3demka\u201d w Chorzowie<\/p>\n\n\n\n<p>marzec 2014 &#8211; marzec 2016<\/p>\n<\/div>\n\n\n\n<div class=\"wp-block-column is-layout-flow wp-block-column-is-layout-flow\"><\/div>\n<\/div>\n<\/div>\n\n\n\n<div style=\"height:50px\" aria-hidden=\"true\" class=\"wp-block-spacer\"><\/div>\n\n\n\n<hr class=\"wp-block-separator has-text-color has-primary-color has-alpha-channel-opacity has-primary-background-color has-background is-style-dots\"\/>\n\n\n\n<div style=\"height:50px\" aria-hidden=\"true\" class=\"wp-block-spacer\"><\/div>\n\n\n\n<h2 class=\"wp-block-heading\">Uczestnictwo w<br>webinariach, szkoleniach, konferencjach<\/h2>\n\n\n\n<p><strong>Wojtk\u00f3w Szkolenia<\/strong><\/p>\n\n\n\n<ul class=\"wp-block-list\">\n<li>Emocje u ps\u00f3w<\/li>\n\n\n\n<li>Sposoby pracy z psami agresywnymi<\/li>\n\n\n\n<li>Agresja l\u0119kowa<\/li>\n\n\n\n<li>Trening kooperacyjny<\/li>\n\n\n\n<li>Pies reaktywny<\/li>\n\n\n\n<li>Zabawa czy rywalizacja? Analiza komunikacji ps\u00f3w<\/li>\n\n\n\n<li>Obserwacja ps\u00f3w z Piotrem Wojtk\u00f3w i Paul\u0105 Gumi\u0144sk\u0105<\/li>\n\n\n\n<li>Emocje i samoregulacja w trudnych relacjach z psem z Zofi\u0105 Schacht-Petersen<\/li>\n\n\n\n<li>Trudne emocje i samoregulacja w zawodzie trenera i behawiorysty ps\u00f3w z Zofi\u0105 Schacht-Petersen<\/li>\n\n\n\n<li>L\u0119k separacyjny z Malen\u0105 DeMartini<\/li>\n\n\n\n<li>S\u0142uchaj\u0105c psa. Komunikacja na linii pies-opiekun<\/li>\n<\/ul>\n\n\n\n<p><strong>DogEdu Joanna Korbal<\/strong><\/p>\n\n\n\n<ul class=\"wp-block-list\">\n<li>Sportowe sztuczki<\/li>\n\n\n\n<li>Dogdancing, po prostu ta\u0144cz<\/li>\n\n\n\n<li>Dogfitness, \u0107wicz ze swoim psem<\/li>\n\n\n\n<li>Ca\u0142a prawda o border collie<\/li>\n\n\n\n<li>Podstawy obedience<\/li>\n\n\n\n<li>Tajniki podstaw agility<\/li>\n<\/ul>\n\n\n\n<p><strong>\u201eOtw\u00f3rz si\u0119 na psa\u201d Karolina Twardzik<\/strong><\/p>\n\n\n\n<ul class=\"wp-block-list\">\n<li>Fizjologia i anatomia psa cz. 1<\/li>\n\n\n\n<li>Trening medyczny<\/li>\n\n\n\n<li>Psychofarmakologia dla trener\u00f3w i behawioryst\u00f3w<\/li>\n\n\n\n<li>Case study &#8211; zaburzenia behawioralne o pod\u0142o\u017cu medycznym<\/li>\n\n\n\n<li>Fizjologia stresu<\/li>\n\n\n\n<li>Dwu-dniowe szkolenie Farmakoterapia zaburze\u0144 zachowania ps\u00f3w<\/li>\n<\/ul>\n\n\n\n<p><strong>\u0141ajka, Centrum Szkolenia Ps\u00f3w Monika Rikitatt<\/strong><\/p>\n\n\n\n<ul class=\"wp-block-list\">\n<li>Praca z psem pierwotnym &#8211; motywacja do wsp\u00f3\u0142pracy z cz\u0142owiekiem<\/li>\n<\/ul>\n\n\n\n<p><strong>PSATELIER &#8211; Pracownia Dobrego Psa Adrianna Szopa<\/strong><\/p>\n\n\n\n<ul class=\"wp-block-list\">\n<li>Autokontrola &#8211; Regulowanie emocji w pracy na bod\u017acu, 6-tygodniowy kurs<\/li>\n<\/ul>\n\n\n\n<p><strong>Balans.dog Magdalena \u015aliwierska<\/strong><\/p>\n\n\n\n<ul class=\"wp-block-list\">\n<li>Pierwsza balansowa konferencja<\/li>\n<\/ul>\n\n\n\n<p><strong>COAPE Polska<\/strong><\/p>\n\n\n\n<ul class=\"wp-block-list\">\n<li>Konferencja Nowoczesna terapia zachowania zwierz\u0105t towarzysz\u0105cych<\/li>\n<\/ul>\n\n\n\n<p><strong>Psia Wachta &#8211; Centrum Edukacji Kynologicznej<\/strong><\/p>\n\n\n\n<ul class=\"wp-block-list\">\n<li>Kurs Integracji Sensorycznej dla ps\u00f3w z Els Vidts (FreeDogz)<\/li>\n<\/ul>\n\n\n\n<p><strong>Polska Akademia Zoopsychologii i Animaloterapii<\/strong><\/p>\n\n\n\n<ul class=\"wp-block-list\">\n<li>Zastosowanie wiedzy o komunikacji ps\u00f3w w kynoedukacji i dogoterapii<\/li>\n<\/ul>\n","protected":false},"excerpt":{"rendered":"<p>Studia\/kursy Kurs Dogfitness Polska Akademia Zoopsychologii i Animaloterapii Stycze\u0144 2024 &#8211; czerwiec 2024 Kurs PRO \u201eDiety domowe gotowane\u201d Karolina Ho\u0142da [&hellip;]<\/p>\n","protected":false},"author":1,"featured_media":0,"parent":0,"menu_order":0,"comment_status":"closed","ping_status":"closed","template":"","meta":{"_monsterinsights_skip_tracking":false,"_monsterinsights_sitenote_active":false,"_monsterinsights_sitenote_note":"","_monsterinsights_sitenote_category":0,"footnotes":""},"class_list":["post-95","page","type-page","status-publish","hentry"],"_links":{"self":[{"href":"https:\/\/www.akademia-miedzygatunkowa.pl\/index.php?rest_route=\/wp\/v2\/pages\/95","targetHints":{"allow":["GET"]}}],"collection":[{"href":"https:\/\/www.akademia-miedzygatunkowa.pl\/index.php?rest_route=\/wp\/v2\/pages"}],"about":[{"href":"https:\/\/www.akademia-miedzygatunkowa.pl\/index.php?rest_route=\/wp\/v2\/types\/page"}],"author":[{"embeddable":true,"href":"https:\/\/www.akademia-miedzygatunkowa.pl\/index.php?rest_route=\/wp\/v2\/users\/1"}],"replies":[{"embeddable":true,"href":"https:\/\/www.akademia-miedzygatunkowa.pl\/index.php?rest_route=%2Fwp%2Fv2%2Fcomments&post=95"}],"version-history":[{"count":21,"href":"https:\/\/www.akademia-miedzygatunkowa.pl\/index.php?rest_route=\/wp\/v2\/pages\/95\/revisions"}],"predecessor-version":[{"id":791,"href":"https:\/\/www.akademia-miedzygatunkowa.pl\/index.php?rest_route=\/wp\/v2\/pages\/95\/revisions\/791"}],"wp:attachment":[{"href":"https:\/\/www.akademia-miedzygatunkowa.pl\/index.php?rest_route=%2Fwp%2Fv2%2Fmedia&parent=95"}],"curies":[{"name":"wp","href":"https:\/\/api.w.org\/{rel}","templated":true}]}}